{"id":577,"date":"2015-10-28T18:50:50","date_gmt":"2015-10-28T18:50:50","guid":{"rendered":"http:\/\/krestcymbals.com.br\/teste\/?page_id=577"},"modified":"2015-11-15T15:13:09","modified_gmt":"2015-11-15T15:13:09","slug":"b-series","status":"publish","type":"page","link":"http:\/\/krestcymbals.com.br\/web\/b-series\/","title":{"rendered":"B Series"},"content":{"rendered":"<h2>PRATOS PARA BANDAS MARCIAIS<\/h2>\n<p>Linha dispon\u00edvel nas vers\u00f5ess HX BAND, em bronze B8 e L BAND, em lat\u00e3o.<\/p>\n<p>Consulte-nos sobre pratos martelados e sobre Aged Brass Band.<\/p>\n<p>&nbsp;<\/p>\n<div class=\"row\"> <div class=\"col-md-6\">\n<p><a href=\"http:\/\/krestcymbals.com.br\/web\/wp-content\/uploads\/2015\/10\/HXBand.jpg\"><img loading=\"lazy\" decoding=\"async\" class=\"alignnone wp-image-582 size-medium\" src=\"http:\/\/krestcymbals.com.br\/web\/wp-content\/uploads\/2015\/10\/HXBand-300x300.jpg\" alt=\"HXBand\" width=\"300\" height=\"300\" srcset=\"http:\/\/krestcymbals.com.br\/web\/wp-content\/uploads\/2015\/10\/HXBand-300x300.jpg 300w, http:\/\/krestcymbals.com.br\/web\/wp-content\/uploads\/2015\/10\/HXBand-150x150.jpg 150w, http:\/\/krestcymbals.com.br\/web\/wp-content\/uploads\/2015\/10\/HXBand.jpg 1000w\" sizes=\"auto, (max-width: 300px) 100vw, 300px\" \/><\/a><\/p>\n<h3><strong>HX BAND<\/strong><\/h3>\n<p><strong>Marching Band:<\/strong> 13\u201d, 14\u201c, 16\u201d<\/p>\n<p><strong> Concert Band:<\/strong> 18\u201c<\/p>\n<p><strong>Symphonic Orhestra:<\/strong> 20\u201d<\/p>\n<\/div><div class=\"col-md-6\">\n<h3><strong><a href=\"http:\/\/krestcymbals.com.br\/web\/wp-content\/uploads\/2015\/10\/LBand.jpg\"><img loading=\"lazy\" decoding=\"async\" class=\"alignnone wp-image-583 size-medium\" src=\"http:\/\/krestcymbals.com.br\/web\/wp-content\/uploads\/2015\/10\/LBand-300x300.jpg\" alt=\"LBand\" width=\"300\" height=\"300\" srcset=\"http:\/\/krestcymbals.com.br\/web\/wp-content\/uploads\/2015\/10\/LBand-300x300.jpg 300w, http:\/\/krestcymbals.com.br\/web\/wp-content\/uploads\/2015\/10\/LBand-150x150.jpg 150w, http:\/\/krestcymbals.com.br\/web\/wp-content\/uploads\/2015\/10\/LBand.jpg 1000w\" sizes=\"auto, (max-width: 300px) 100vw, 300px\" \/><\/a><\/strong><\/h3>\n<h3><strong>L\u00a0BAND<\/strong><\/h3>\n<p><strong>Marching Band:<\/strong> 13\u201d, 14\u201c, 16\u201d<\/p>\n<p><strong>Concert Band:<\/strong> 18\u201c<\/p>\n<p><strong>Symphonic Orhestra:<\/strong> 20\u201d<\/p>\n<\/div><\/div>\n\n<div style=\"display: block !important; margin:0 !important; padding: 0 !important\" id=\"wpp_popup_post_end_element\"><\/div><p><\/p>","protected":false},"excerpt":{"rendered":"<p>PRATOS PARA BANDAS MARCIAIS Linha dispon\u00edvel nas vers\u00f5ess HX BAND, em bronze B8 e L BAND, em lat\u00e3o. Consulte-nos sobre pratos martelados e sobre Aged Brass Band. &nbsp;<\/p>\n","protected":false},"author":1,"featured_media":562,"parent":0,"menu_order":3,"comment_status":"closed","ping_status":"closed","template":"page-feature-sidebar.php","meta":{"footnotes":""},"class_list":["post-577","page","type-page","status-publish","has-post-thumbnail","hentry"],"_links":{"self":[{"href":"http:\/\/krestcymbals.com.br\/web\/wp-json\/wp\/v2\/pages\/577","targetHints":{"allow":["GET"]}}],"collection":[{"href":"http:\/\/krestcymbals.com.br\/web\/wp-json\/wp\/v2\/pages"}],"about":[{"href":"http:\/\/krestcymbals.com.br\/web\/wp-json\/wp\/v2\/types\/page"}],"author":[{"embeddable":true,"href":"http:\/\/krestcymbals.com.br\/web\/wp-json\/wp\/v2\/users\/1"}],"replies":[{"embeddable":true,"href":"http:\/\/krestcymbals.com.br\/web\/wp-json\/wp\/v2\/comments?post=577"}],"version-history":[{"count":7,"href":"http:\/\/krestcymbals.com.br\/web\/wp-json\/wp\/v2\/pages\/577\/revisions"}],"predecessor-version":[{"id":828,"href":"http:\/\/krestcymbals.com.br\/web\/wp-json\/wp\/v2\/pages\/577\/revisions\/828"}],"wp:featuredmedia":[{"embeddable":true,"href":"http:\/\/krestcymbals.com.br\/web\/wp-json\/wp\/v2\/media\/562"}],"wp:attachment":[{"href":"http:\/\/krestcymbals.com.br\/web\/wp-json\/wp\/v2\/media?parent=577"}],"curies":[{"name":"wp","href":"https:\/\/api.w.org\/{rel}","templated":true}]}}