{"id":498,"date":"2015-10-27T12:14:32","date_gmt":"2015-10-27T12:14:32","guid":{"rendered":"http:\/\/krestcymbals.com.br\/teste\/?page_id=498"},"modified":"2015-11-16T00:02:54","modified_gmt":"2015-11-16T00:02:54","slug":"hx-series","status":"publish","type":"page","link":"http:\/\/krestcymbals.com.br\/web\/hx-series\/","title":{"rendered":"HX SERIES"},"content":{"rendered":"<h2>O PRATO EM BRONZE B8 MAIS ECON\u00d4MICO DO\u00a0PA\u00cdS<\/h2>\n<p>Linha semi-profissional ideal para quem precisa de qualidade sonora, e o mais importante: com pre\u00e7o excelente.<\/p>\n<div class=\"space_20 clearfix\"><\/div>\n\n<ul class=\"nav nav-tabs sc_tabs kt-tabs kt-sc-tabs kt-tabs-style1\"><li class=\"active\"><a href=\"#sctab23330\"><strong>MODELOS AVULSOS<\/strong><\/a><\/li>\n<li class=\"\"><a href=\"#sctab23331\"><strong>SETS<\/strong><\/a><\/li><\/ul> <div class=\"tab-content kt-tab-content postclass\"><div class=\"tab-pane clearfix active\" id=\"sctab23330\">\n<div class=\"space_20 clearfix\"><\/div>\n<div class=\"row\"> <div class=\"col-md-4\">\n<p><strong>RIDE<\/strong><br \/>\n<a href=\"http:\/\/krestcymbals.com.br\/web\/wp-content\/uploads\/2015\/10\/HX_HX_20RI.jpg\"><img loading=\"lazy\" decoding=\"async\" class=\"alignnone wp-image-503 size-thumbnail\" src=\"http:\/\/krestcymbals.com.br\/web\/wp-content\/uploads\/2015\/10\/HX_HX_20RI-150x150.jpg\" alt=\"HX_HX_20RI\" width=\"150\" height=\"150\" srcset=\"http:\/\/krestcymbals.com.br\/web\/wp-content\/uploads\/2015\/10\/HX_HX_20RI-150x150.jpg 150w, http:\/\/krestcymbals.com.br\/web\/wp-content\/uploads\/2015\/10\/HX_HX_20RI-300x300.jpg 300w, http:\/\/krestcymbals.com.br\/web\/wp-content\/uploads\/2015\/10\/HX_HX_20RI.jpg 1000w\" sizes=\"auto, (max-width: 150px) 100vw, 150px\" \/><\/a>20&#8243;<\/p>\n<\/div><div class=\"col-md-4\">\n<p><b>CRASH<br \/>\n<\/b><strong><a href=\"http:\/\/krestcymbals.com.br\/web\/wp-content\/uploads\/2015\/10\/R18MC.jpg\"><img loading=\"lazy\" decoding=\"async\" class=\"alignnone wp-image-506 size-thumbnail\" src=\"http:\/\/krestcymbals.com.br\/web\/wp-content\/uploads\/2015\/10\/HX18MC-150x150.jpg\" alt=\"HX18MC\" width=\"150\" height=\"150\" srcset=\"http:\/\/krestcymbals.com.br\/web\/wp-content\/uploads\/2015\/10\/HX18MC-150x150.jpg 150w, http:\/\/krestcymbals.com.br\/web\/wp-content\/uploads\/2015\/10\/HX18MC-300x300.jpg 300w, http:\/\/krestcymbals.com.br\/web\/wp-content\/uploads\/2015\/10\/HX18MC.jpg 1000w\" sizes=\"auto, (max-width: 150px) 100vw, 150px\" \/><\/a><\/strong>16&#8243;<br \/>\n<strong>Medium:<\/strong>\u00a018&#8243;<\/p>\n<\/div><div class=\"col-md-4\">\n<p><strong>HI-HAT<\/strong><br \/>\n<a href=\"http:\/\/krestcymbals.com.br\/web\/wp-content\/uploads\/2015\/10\/R14HH.jpg\"><img loading=\"lazy\" decoding=\"async\" class=\"alignnone wp-image-504 size-thumbnail\" src=\"http:\/\/krestcymbals.com.br\/web\/wp-content\/uploads\/2015\/10\/HX14HH-150x150.jpg\" alt=\"HX14HH\" width=\"150\" height=\"150\" srcset=\"http:\/\/krestcymbals.com.br\/web\/wp-content\/uploads\/2015\/10\/HX14HH-150x150.jpg 150w, http:\/\/krestcymbals.com.br\/web\/wp-content\/uploads\/2015\/10\/HX14HH-300x300.jpg 300w, http:\/\/krestcymbals.com.br\/web\/wp-content\/uploads\/2015\/10\/HX14HH.jpg 1000w\" sizes=\"auto, (max-width: 150px) 100vw, 150px\" \/><\/a>\u00a013&#8243; 14&#8243;<\/p>\n<\/div><\/div>\n<div class=\"hrule clearfix\"><\/div>\n<div class=\"row\"> <div class=\"col-md-4\">\n<p><strong>SPLASH<\/strong><br \/>\n<a href=\"http:\/\/krestcymbals.com.br\/web\/wp-content\/uploads\/2015\/10\/XH10SP.jpg\"><img loading=\"lazy\" decoding=\"async\" class=\"alignnone wp-image-510 size-thumbnail\" src=\"http:\/\/krestcymbals.com.br\/web\/wp-content\/uploads\/2015\/10\/XH10SP-150x150.jpg\" alt=\"XH10SP\" width=\"150\" height=\"150\" srcset=\"http:\/\/krestcymbals.com.br\/web\/wp-content\/uploads\/2015\/10\/XH10SP-150x150.jpg 150w, http:\/\/krestcymbals.com.br\/web\/wp-content\/uploads\/2015\/10\/XH10SP-300x300.jpg 300w, http:\/\/krestcymbals.com.br\/web\/wp-content\/uploads\/2015\/10\/XH10SP.jpg 1000w\" sizes=\"auto, (max-width: 150px) 100vw, 150px\" \/><\/a>8&#8243; 10&#8243;<\/p>\n<\/div><div class=\"col-md-4\">\n<p><b>CHINA<br \/>\n<\/b><a href=\"http:\/\/krestcymbals.com.br\/web\/wp-content\/uploads\/2015\/10\/R18CH.jpg\"><img loading=\"lazy\" decoding=\"async\" class=\"alignnone wp-image-505 size-thumbnail\" src=\"http:\/\/krestcymbals.com.br\/web\/wp-content\/uploads\/2015\/10\/HX16CH-150x150.jpg\" alt=\"HX16CH\" width=\"150\" height=\"150\" srcset=\"http:\/\/krestcymbals.com.br\/web\/wp-content\/uploads\/2015\/10\/HX16CH-150x150.jpg 150w, http:\/\/krestcymbals.com.br\/web\/wp-content\/uploads\/2015\/10\/HX16CH-300x300.jpg 300w, http:\/\/krestcymbals.com.br\/web\/wp-content\/uploads\/2015\/10\/HX16CH.jpg 1000w\" sizes=\"auto, (max-width: 150px) 100vw, 150px\" \/><\/a>16&#8243; \u00a018&#8243;<br \/>\n<\/div>\n<div class=\"col-md-4\"><\/div>\n<\/div>\n<\/div>\n<div class=\"tab-pane clearfix \" id=\"sctab23331\">\n<div class=\"space_20 clearfix\"><\/div>\n<div class=\"row\"><\/div> <div class=\"col-md-4\">\n<p><strong>HXSET1SP<\/strong><br \/>\n<a href=\"vhttp:\/\/krestcymbals.com.br\/web\/wp-content\/uploads\/2015\/10\/RSET1.jpg\"><img loading=\"lazy\" decoding=\"async\" class=\"alignnone wp-image-507 size-medium\" src=\"http:\/\/krestcymbals.com.br\/web\/wp-content\/uploads\/2015\/10\/HXSET1SP-300x300.jpg\" alt=\"HXSET1SP\" width=\"300\" height=\"300\" srcset=\"http:\/\/krestcymbals.com.br\/web\/wp-content\/uploads\/2015\/10\/HXSET1SP-300x300.jpg 300w, http:\/\/krestcymbals.com.br\/web\/wp-content\/uploads\/2015\/10\/HXSET1SP-150x150.jpg 150w, http:\/\/krestcymbals.com.br\/web\/wp-content\/uploads\/2015\/10\/HXSET1SP.jpg 1000w\" sizes=\"auto, (max-width: 300px) 100vw, 300px\" \/><\/a>14&#8243;, 16&#8243; 20&#8243; \u00a010&#8243; + Bag Simples<\/p>\n<\/div>\n<div class=\"col-md-4\">\n<p><strong>HXSET2<\/strong><br \/>\n<a href=\"http:\/\/krestcymbals.com.br\/web\/wp-content\/uploads\/2015\/10\/HXSET2.jpg\"><img loading=\"lazy\" decoding=\"async\" class=\"alignnone wp-image-508 size-medium\" src=\"http:\/\/krestcymbals.com.br\/web\/wp-content\/uploads\/2015\/10\/HXSET2-300x300.jpg\" alt=\"HXSET2\" width=\"300\" height=\"300\" srcset=\"http:\/\/krestcymbals.com.br\/web\/wp-content\/uploads\/2015\/10\/HXSET2-300x300.jpg 300w, http:\/\/krestcymbals.com.br\/web\/wp-content\/uploads\/2015\/10\/HXSET2-150x150.jpg 150w, http:\/\/krestcymbals.com.br\/web\/wp-content\/uploads\/2015\/10\/HXSET2.jpg 1000w\" sizes=\"auto, (max-width: 300px) 100vw, 300px\" \/><\/a>13&#8243;, 16&#8243; 20&#8243; \u00a0+ Bag Simples<\/p>\n<\/div>\n<div class=\"col-md-4\">\n<p><strong>HXSET2<\/strong><br \/>\n<a href=\"http:\/\/krestcymbals.com.br\/web\/wp-content\/uploads\/2015\/10\/HXSET3.jpg\"><img loading=\"lazy\" decoding=\"async\" class=\"alignnone wp-image-509 size-medium\" src=\"http:\/\/krestcymbals.com.br\/web\/wp-content\/uploads\/2015\/10\/HXSET3-300x300.jpg\" alt=\"HXSET3\" width=\"300\" height=\"300\" srcset=\"http:\/\/krestcymbals.com.br\/web\/wp-content\/uploads\/2015\/10\/HXSET3-300x300.jpg 300w, http:\/\/krestcymbals.com.br\/web\/wp-content\/uploads\/2015\/10\/HXSET3-150x150.jpg 150w, http:\/\/krestcymbals.com.br\/web\/wp-content\/uploads\/2015\/10\/HXSET3.jpg 1000w\" sizes=\"auto, (max-width: 300px) 100vw, 300px\" \/><\/a>14&#8243;, 16&#8243; 20&#8243; \u00a0+ Bag Simples<\/p>\n<\/div>\n<\/div><\/div>\n\n<div class=\"space_40 clearfix\"><\/div>\n<a href=\"http:\/\/krestcymbals.com.br\/web\/produtos\/\" class=\"btn button btn-shortcode kad-btn kad-btn-primary\" id=\"kadbtn924\" target=\"_self\" style=\"background-color:#FF0000;color:#FFF;\">&lt;&lt;Voltar<\/a>\n<div class=\"space_40 clearfix\"><\/div>\n<div class=\"hrule clearfix\"><\/div>\n<h3><strong>V\u00cdDEOS<br \/>\n<\/strong><\/h3>\n<h4>Em breve, novos v\u00eddeos sobre a linha HX.<\/h4>\n<p><iframe loading=\"lazy\" src=\"https:\/\/www.youtube.com\/embed\/EcQ-DtlR-ys\" width=\"100%\" height=\"450\" frameborder=\"0\" allowfullscreen=\"allowfullscreen\"><\/iframe><\/p>\n<h4 style=\"text-align: left;\"><div class=\"space_20 clearfix\"><\/div>\nDICA:\u00a0SAIBA ESCOLHER O TIPO DE CRASH IDEAL PARA SEU SOM.<\/h4>\n<p><img loading=\"lazy\" decoding=\"async\" class=\"alignnone wp-image-239 size-full\" src=\"http:\/\/krestcymbals.com.br\/web\/wp-content\/uploads\/2015\/08\/COMPARATIVO_CRASHES_KREST2-e1447607213700.jpg\" alt=\"COMPARATIVO_CRASHES_KREST\" width=\"850\" height=\"240\" \/><\/p>\n<div class=\"space_20 clearfix\"><\/div>\n<h3><\/h3>\n\n<div style=\"display: block !important; margin:0 !important; padding: 0 !important\" id=\"wpp_popup_post_end_element\"><\/div><p><\/p>","protected":false},"excerpt":{"rendered":"<p>O PRATO EM BRONZE B8 MAIS ECON\u00d4MICO DO\u00a0PA\u00cdS Linha semi-profissional ideal para quem precisa de qualidade sonora, e o mais importante: com pre\u00e7o excelente. V\u00cdDEOS Em breve, novos v\u00eddeos sobre a linha HX. DICA:\u00a0SAIBA ESCOLHER O TIPO DE CRASH IDEAL &hellip; <a href=\"http:\/\/krestcymbals.com.br\/web\/hx-series\/\">Conte\u00fado<\/a><\/p>\n","protected":false},"author":1,"featured_media":0,"parent":0,"menu_order":14,"comment_status":"closed","ping_status":"closed","template":"page-feature-sidebar.php","meta":{"footnotes":""},"class_list":["post-498","page","type-page","status-publish","hentry"],"_links":{"self":[{"href":"http:\/\/krestcymbals.com.br\/web\/wp-json\/wp\/v2\/pages\/498","targetHints":{"allow":["GET"]}}],"collection":[{"href":"http:\/\/krestcymbals.com.br\/web\/wp-json\/wp\/v2\/pages"}],"about":[{"href":"http:\/\/krestcymbals.com.br\/web\/wp-json\/wp\/v2\/types\/page"}],"author":[{"embeddable":true,"href":"http:\/\/krestcymbals.com.br\/web\/wp-json\/wp\/v2\/users\/1"}],"replies":[{"embeddable":true,"href":"http:\/\/krestcymbals.com.br\/web\/wp-json\/wp\/v2\/comments?post=498"}],"version-history":[{"count":12,"href":"http:\/\/krestcymbals.com.br\/web\/wp-json\/wp\/v2\/pages\/498\/revisions"}],"predecessor-version":[{"id":863,"href":"http:\/\/krestcymbals.com.br\/web\/wp-json\/wp\/v2\/pages\/498\/revisions\/863"}],"wp:attachment":[{"href":"http:\/\/krestcymbals.com.br\/web\/wp-json\/wp\/v2\/media?parent=498"}],"curies":[{"name":"wp","href":"https:\/\/api.w.org\/{rel}","templated":true}]}}