{"id":481,"date":"2015-10-27T04:16:36","date_gmt":"2015-10-27T04:16:36","guid":{"rendered":"http:\/\/krestcymbals.com.br\/teste\/?page_id=481"},"modified":"2015-11-15T15:56:53","modified_gmt":"2015-11-15T15:56:53","slug":"deep-cult-series","status":"publish","type":"page","link":"http:\/\/krestcymbals.com.br\/web\/deep-cult-series\/","title":{"rendered":"DEEP CULT SERIES"},"content":{"rendered":"<h2>SOM GRAVE E PROFUNDO<\/h2>\n<p>Linha profissional desenvolvida para quem procura um timbre mais grave com caracter\u00edstica \u201cvintage\u201d. Produz um timbre encorpado, grave e profundo com decay m\u00e9dio e bom volume.<\/p>\n<div class=\"space_20 clearfix\"><\/div>\n\n<ul class=\"nav nav-tabs sc_tabs kt-tabs kt-sc-tabs kt-tabs-style1\"><li class=\"active\"><a href=\"#sctab96840\"><strong>MODELOS AVULSOS<\/strong><\/a><\/li>\n<li class=\"\"><a href=\"#sctab96841\"><strong>SETS<\/strong><\/a><\/li><\/ul> <div class=\"tab-content kt-tab-content postclass\"><div class=\"tab-pane clearfix active\" id=\"sctab96840\">\n<div class=\"space_20 clearfix\"><\/div>\n<div class=\"row\"> <div class=\"col-md-4\">\n<p><strong>RIDE<\/strong><br \/>\n<a href=\"http:\/\/krestcymbals.com.br\/web\/wp-content\/uploads\/2015\/10\/DC20RI.jpg\"><img loading=\"lazy\" decoding=\"async\" class=\"alignnone wp-image-489 size-thumbnail\" src=\"http:\/\/krestcymbals.com.br\/web\/wp-content\/uploads\/2015\/10\/DC20RI-150x150.jpg\" alt=\"DC20RI\" width=\"150\" height=\"150\" srcset=\"http:\/\/krestcymbals.com.br\/web\/wp-content\/uploads\/2015\/10\/DC20RI-150x150.jpg 150w, http:\/\/krestcymbals.com.br\/web\/wp-content\/uploads\/2015\/10\/DC20RI-300x300.jpg 300w, http:\/\/krestcymbals.com.br\/web\/wp-content\/uploads\/2015\/10\/DC20RI.jpg 1000w\" sizes=\"auto, (max-width: 150px) 100vw, 150px\" \/><\/a>20&#8243;<\/p>\n<\/div><div class=\"col-md-4\">\n<p><b>CRASH<br \/>\n<\/b><strong><a href=\"http:\/\/krestcymbals.com.br\/web\/wp-content\/uploads\/2015\/10\/R18MC.jpg\"><img loading=\"lazy\" decoding=\"async\" class=\"alignnone wp-image-488 size-thumbnail\" src=\"http:\/\/krestcymbals.com.br\/web\/wp-content\/uploads\/2015\/10\/DC18DC-150x150.jpg\" alt=\"DC18DC\" width=\"150\" height=\"150\" srcset=\"http:\/\/krestcymbals.com.br\/web\/wp-content\/uploads\/2015\/10\/DC18DC-150x150.jpg 150w, http:\/\/krestcymbals.com.br\/web\/wp-content\/uploads\/2015\/10\/DC18DC-300x300.jpg 300w, http:\/\/krestcymbals.com.br\/web\/wp-content\/uploads\/2015\/10\/DC18DC.jpg 1000w\" sizes=\"auto, (max-width: 150px) 100vw, 150px\" \/><\/a>Deep:<\/strong>\u00a016&#8243; 18&#8243;<\/p>\n<\/div><div class=\"col-md-4\">\n<p><strong>HI-HAT<\/strong><br \/>\n<a href=\"http:\/\/krestcymbals.com.br\/web\/wp-content\/uploads\/2015\/10\/DC14MH.jpg\"><img loading=\"lazy\" decoding=\"async\" class=\"alignnone wp-image-486 size-thumbnail\" src=\"http:\/\/krestcymbals.com.br\/web\/wp-content\/uploads\/2015\/10\/DC14MH-e1447444567295-150x150.jpg\" alt=\"DC14MH\" width=\"150\" height=\"150\" srcset=\"http:\/\/krestcymbals.com.br\/web\/wp-content\/uploads\/2015\/10\/DC14MH-e1447444567295-150x150.jpg 150w, http:\/\/krestcymbals.com.br\/web\/wp-content\/uploads\/2015\/10\/DC14MH-e1447444567295-300x300.jpg 300w, http:\/\/krestcymbals.com.br\/web\/wp-content\/uploads\/2015\/10\/DC14MH-e1447444567295.jpg 1000w\" sizes=\"auto, (max-width: 150px) 100vw, 150px\" \/><\/a>\u00a013&#8243; 14&#8243;<\/p>\n<\/div><\/div>\n<div class=\"hrule clearfix\"><\/div>\n<div class=\"row\"> <div class=\"col-md-4\">\n<p><strong>SPLASH<\/strong><br \/>\n<a href=\"http:\/\/krestcymbals.com.br\/web\/wp-content\/uploads\/2015\/10\/DC10SP.jpg\"><img loading=\"lazy\" decoding=\"async\" class=\"alignnone wp-image-485 size-thumbnail\" src=\"http:\/\/krestcymbals.com.br\/web\/wp-content\/uploads\/2015\/10\/DC10SP-150x150.jpg\" alt=\"DC10SP\" width=\"150\" height=\"150\" srcset=\"http:\/\/krestcymbals.com.br\/web\/wp-content\/uploads\/2015\/10\/DC10SP-150x150.jpg 150w, http:\/\/krestcymbals.com.br\/web\/wp-content\/uploads\/2015\/10\/DC10SP-300x300.jpg 300w, http:\/\/krestcymbals.com.br\/web\/wp-content\/uploads\/2015\/10\/DC10SP.jpg 1000w\" sizes=\"auto, (max-width: 150px) 100vw, 150px\" \/><\/a>8&#8243; 10&#8243;<\/p>\n<\/div><div class=\"col-md-4\">\n<p><b>CHINA<br \/>\n<\/b><a href=\"http:\/\/krestcymbals.com.br\/web\/wp-content\/uploads\/2015\/10\/DC16CH.jpg\"><img loading=\"lazy\" decoding=\"async\" class=\"alignnone wp-image-487 size-thumbnail\" src=\"http:\/\/krestcymbals.com.br\/web\/wp-content\/uploads\/2015\/10\/DC16CH-150x150.jpg\" alt=\"DC16CH\" width=\"150\" height=\"150\" srcset=\"http:\/\/krestcymbals.com.br\/web\/wp-content\/uploads\/2015\/10\/DC16CH-150x150.jpg 150w, http:\/\/krestcymbals.com.br\/web\/wp-content\/uploads\/2015\/10\/DC16CH-300x300.jpg 300w, http:\/\/krestcymbals.com.br\/web\/wp-content\/uploads\/2015\/10\/DC16CH.jpg 1000w\" sizes=\"auto, (max-width: 150px) 100vw, 150px\" \/><\/a>16&#8243; \u00a018&#8243;<br \/>\n<\/div>\n<div class=\"col-md-4\"><\/div>\n<\/div>\n<\/div>\n<div class=\"tab-pane clearfix \" id=\"sctab96841\">\n<div class=\"space_20 clearfix\"><\/div>\n<div class=\"row\"><\/div> <div class=\"col-md-4\">\n<p><strong>DCSET1<\/strong><br \/>\n<a href=\"http:\/\/krestcymbals.com.br\/web\/wp-content\/uploads\/2015\/10\/DCSET1.jpg\"><img loading=\"lazy\" decoding=\"async\" class=\"alignnone wp-image-494 size-medium\" src=\"http:\/\/krestcymbals.com.br\/web\/wp-content\/uploads\/2015\/10\/DCSET1-300x300.jpg\" alt=\"DCSET1\" width=\"300\" height=\"300\" srcset=\"http:\/\/krestcymbals.com.br\/web\/wp-content\/uploads\/2015\/10\/DCSET1-300x300.jpg 300w, http:\/\/krestcymbals.com.br\/web\/wp-content\/uploads\/2015\/10\/DCSET1-150x150.jpg 150w, http:\/\/krestcymbals.com.br\/web\/wp-content\/uploads\/2015\/10\/DCSET1.jpg 1000w\" sizes=\"auto, (max-width: 300px) 100vw, 300px\" \/><\/a>14&#8243;, 18&#8243; 20&#8243; \u00a0+ Bag Luxo<\/p>\n<p><strong>Set com crash de 18\u201d som mais grave!<\/strong><\/p>\n<\/div><\/div><\/div>\n\n<div class=\"space_40 clearfix\"><\/div>\n<a href=\"http:\/\/krestcymbals.com.br\/web\/produtos\/\" class=\"btn button btn-shortcode kad-btn kad-btn-primary\" id=\"kadbtn577\" target=\"_self\" style=\"background-color:#FF0000;color:#FFF;\">&lt;&lt;Voltar<\/a>\n<div class=\"space_40 clearfix\"><\/div>\n<div class=\"hrule clearfix\"><\/div>\n<h3><strong>V\u00cdDEOS<\/strong><\/h3>\n<h4>Em breve novos v\u00eddeos da linha Deep Cult<\/h4>\n<p><iframe loading=\"lazy\" src=\"https:\/\/www.youtube.com\/embed\/8fVuuqwqs8Q\" width=\"100%\" height=\"450\" frameborder=\"0\" allowfullscreen=\"allowfullscreen\"><\/iframe><\/p>\n<h4 style=\"text-align: left;\"><div class=\"space_20 clearfix\"><\/div>\nDICA:\u00a0SAIBA ESCOLHER O TIPO DE CRASH IDEAL PARA SEU SOM.<\/h4>\n<p><img loading=\"lazy\" decoding=\"async\" class=\"alignnone wp-image-239 size-full\" src=\"http:\/\/krestcymbals.com.br\/web\/wp-content\/uploads\/2015\/08\/COMPARATIVO_CRASHES_KREST2.jpg\" alt=\"COMPARATIVO_CRASHES_KREST\" width=\"850\" height=\"240\" \/><\/p>\n<div class=\"space_20 clearfix\"><\/div>\n<h3><\/h3>\n\n<div style=\"display: block !important; margin:0 !important; padding: 0 !important\" id=\"wpp_popup_post_end_element\"><\/div><p><\/p>","protected":false},"excerpt":{"rendered":"<p>SOM GRAVE E PROFUNDO Linha profissional desenvolvida para quem procura um timbre mais grave com caracter\u00edstica \u201cvintage\u201d. Produz um timbre encorpado, grave e profundo com decay m\u00e9dio e bom volume. V\u00cdDEOS Em breve novos v\u00eddeos da linha Deep Cult DICA:\u00a0SAIBA &hellip; <a href=\"http:\/\/krestcymbals.com.br\/web\/deep-cult-series\/\">Conte\u00fado<\/a><\/p>\n","protected":false},"author":1,"featured_media":493,"parent":0,"menu_order":7,"comment_status":"closed","ping_status":"closed","template":"page-feature-sidebar.php","meta":{"footnotes":""},"class_list":["post-481","page","type-page","status-publish","has-post-thumbnail","hentry"],"_links":{"self":[{"href":"http:\/\/krestcymbals.com.br\/web\/wp-json\/wp\/v2\/pages\/481","targetHints":{"allow":["GET"]}}],"collection":[{"href":"http:\/\/krestcymbals.com.br\/web\/wp-json\/wp\/v2\/pages"}],"about":[{"href":"http:\/\/krestcymbals.com.br\/web\/wp-json\/wp\/v2\/types\/page"}],"author":[{"embeddable":true,"href":"http:\/\/krestcymbals.com.br\/web\/wp-json\/wp\/v2\/users\/1"}],"replies":[{"embeddable":true,"href":"http:\/\/krestcymbals.com.br\/web\/wp-json\/wp\/v2\/comments?post=481"}],"version-history":[{"count":12,"href":"http:\/\/krestcymbals.com.br\/web\/wp-json\/wp\/v2\/pages\/481\/revisions"}],"predecessor-version":[{"id":835,"href":"http:\/\/krestcymbals.com.br\/web\/wp-json\/wp\/v2\/pages\/481\/revisions\/835"}],"wp:featuredmedia":[{"embeddable":true,"href":"http:\/\/krestcymbals.com.br\/web\/wp-json\/wp\/v2\/media\/493"}],"wp:attachment":[{"href":"http:\/\/krestcymbals.com.br\/web\/wp-json\/wp\/v2\/media?parent=481"}],"curies":[{"name":"wp","href":"https:\/\/api.w.org\/{rel}","templated":true}]}}