{"id":465,"date":"2015-10-27T02:19:24","date_gmt":"2015-10-27T02:19:24","guid":{"rendered":"http:\/\/krestcymbals.com.br\/teste\/?page_id=465"},"modified":"2019-08-27T17:47:24","modified_gmt":"2019-08-27T17:47:24","slug":"r-series","status":"publish","type":"page","link":"http:\/\/krestcymbals.com.br\/web\/r-series\/","title":{"rendered":"R SERIES"},"content":{"rendered":"<h2>SONORIDADE VERS\u00c1TIL<\/h2>\n<p>Linha profissional muito vers\u00e1til nas suas aplica\u00e7\u00f5es e com grande variedade de medidas. Os pratos da linha R t\u00eam uma resposta r\u00e1pida e decay m\u00e9dio.<\/p>\n<div class=\"space_20 clearfix\"><\/div>\n\n<ul class=\"nav nav-tabs sc_tabs kt-tabs kt-sc-tabs kt-tabs-style1\"><li class=\"active\"><a href=\"#sctab90780\"><strong>MODELOS AVULSOS<\/strong><\/a><\/li>\n<li class=\"\"><a href=\"#sctab90781\"><strong>SETS<\/strong><\/a><\/li><\/ul> <div class=\"tab-content kt-tab-content postclass\"><div class=\"tab-pane clearfix active\" id=\"sctab90780\">\n<div class=\"space_20 clearfix\"><\/div>\n<div class=\"row\"> <div class=\"col-md-4\">\n<p><strong>RIDE<\/strong><br \/>\n<a href=\"http:\/\/krestcymbals.com.br\/web\/wp-content\/uploads\/2015\/10\/R20RI.jpg\"><img loading=\"lazy\" decoding=\"async\" class=\"alignnone wp-image-470 size-thumbnail\" src=\"http:\/\/krestcymbals.com.br\/web\/wp-content\/uploads\/2015\/10\/R20RI-150x150.jpg\" alt=\"R20RI\" width=\"150\" height=\"150\" srcset=\"http:\/\/krestcymbals.com.br\/web\/wp-content\/uploads\/2015\/10\/R20RI-150x150.jpg 150w, http:\/\/krestcymbals.com.br\/web\/wp-content\/uploads\/2015\/10\/R20RI-300x300.jpg 300w, http:\/\/krestcymbals.com.br\/web\/wp-content\/uploads\/2015\/10\/R20RI.jpg 1000w\" sizes=\"auto, (max-width: 150px) 100vw, 150px\" \/><\/a>20&#8243;<\/p>\n<\/div><div class=\"col-md-4\">\n<p><b>CRASH<br \/>\n<\/b><strong><a href=\"http:\/\/krestcymbals.com.br\/web\/wp-content\/uploads\/2015\/10\/R18MC.jpg\"><img loading=\"lazy\" decoding=\"async\" class=\"alignnone wp-image-469 size-thumbnail\" src=\"http:\/\/krestcymbals.com.br\/web\/wp-content\/uploads\/2015\/10\/R18MC-150x150.jpg\" alt=\"R18MC\" width=\"150\" height=\"150\" srcset=\"http:\/\/krestcymbals.com.br\/web\/wp-content\/uploads\/2015\/10\/R18MC-150x150.jpg 150w, http:\/\/krestcymbals.com.br\/web\/wp-content\/uploads\/2015\/10\/R18MC-300x300.jpg 300w, http:\/\/krestcymbals.com.br\/web\/wp-content\/uploads\/2015\/10\/R18MC.jpg 1000w\" sizes=\"auto, (max-width: 150px) 100vw, 150px\" \/><\/a><\/strong>16&#8243;\u00a0 18&#8243;<\/p>\n<\/div><div class=\"col-md-4\">\n<p><strong>HI-HAT<\/strong><br \/>\n<a href=\"http:\/\/krestcymbals.com.br\/web\/wp-content\/uploads\/2015\/10\/R14HH.jpg\"><img loading=\"lazy\" decoding=\"async\" class=\"alignnone wp-image-467 size-thumbnail\" src=\"http:\/\/krestcymbals.com.br\/web\/wp-content\/uploads\/2015\/10\/R14HH-150x150.jpg\" alt=\"R14HH\" width=\"150\" height=\"150\" srcset=\"http:\/\/krestcymbals.com.br\/web\/wp-content\/uploads\/2015\/10\/R14HH-150x150.jpg 150w, http:\/\/krestcymbals.com.br\/web\/wp-content\/uploads\/2015\/10\/R14HH-300x300.jpg 300w, http:\/\/krestcymbals.com.br\/web\/wp-content\/uploads\/2015\/10\/R14HH.jpg 1000w\" sizes=\"auto, (max-width: 150px) 100vw, 150px\" \/><\/a>\u00a013&#8243; 14&#8243;<\/p>\n<\/div><\/div>\n<div class=\"hrule clearfix\"><\/div>\n<div class=\"row\"> <div class=\"col-md-4\">\n<p><strong>SPLASH<\/strong><br \/>\n<a href=\"http:\/\/krestcymbals.com.br\/web\/wp-content\/uploads\/2015\/10\/R10SP.jpg\"><img loading=\"lazy\" decoding=\"async\" class=\"alignnone wp-image-475 size-thumbnail\" src=\"http:\/\/krestcymbals.com.br\/web\/wp-content\/uploads\/2015\/10\/R10SP-150x150.jpg\" alt=\"R10SP\" width=\"150\" height=\"150\" srcset=\"http:\/\/krestcymbals.com.br\/web\/wp-content\/uploads\/2015\/10\/R10SP-150x150.jpg 150w, http:\/\/krestcymbals.com.br\/web\/wp-content\/uploads\/2015\/10\/R10SP-300x300.jpg 300w, http:\/\/krestcymbals.com.br\/web\/wp-content\/uploads\/2015\/10\/R10SP.jpg 1000w\" sizes=\"auto, (max-width: 150px) 100vw, 150px\" \/><\/a>8&#8243; 10&#8243;<\/p>\n<\/div><div class=\"col-md-4\">\n<p><b>CHINA<br \/>\n<\/b><a href=\"http:\/\/krestcymbals.com.br\/web\/wp-content\/uploads\/2015\/10\/R18CH.jpg\"><img loading=\"lazy\" decoding=\"async\" class=\"alignnone wp-image-468 size-thumbnail\" src=\"http:\/\/krestcymbals.com.br\/web\/wp-content\/uploads\/2015\/10\/R18CH-150x150.jpg\" alt=\"R18CH\" width=\"150\" height=\"150\" srcset=\"http:\/\/krestcymbals.com.br\/web\/wp-content\/uploads\/2015\/10\/R18CH-150x150.jpg 150w, http:\/\/krestcymbals.com.br\/web\/wp-content\/uploads\/2015\/10\/R18CH-300x300.jpg 300w, http:\/\/krestcymbals.com.br\/web\/wp-content\/uploads\/2015\/10\/R18CH.jpg 1000w\" sizes=\"auto, (max-width: 150px) 100vw, 150px\" \/><\/a>16&#8243;\u00a0 18&#8243;<br \/>\n<\/div>\n<div class=\"col-md-4\"><\/div>\n<\/div>\n<\/div>\n<div class=\"tab-pane clearfix \" id=\"sctab90781\">\n<div class=\"space_20 clearfix\"><\/div>\n<div class=\"row\"><\/div> <div class=\"col-md-4\">\n<p><strong>RSET1<\/strong><br \/>\n<a href=\"http:\/\/krestcymbals.com.br\/web\/wp-content\/uploads\/2015\/10\/RSET1.jpg\"><img loading=\"lazy\" decoding=\"async\" class=\"alignnone wp-image-471 size-medium\" src=\"http:\/\/krestcymbals.com.br\/web\/wp-content\/uploads\/2015\/10\/RSET1-300x300.jpg\" alt=\"RSET1\" width=\"300\" height=\"300\" srcset=\"http:\/\/krestcymbals.com.br\/web\/wp-content\/uploads\/2015\/10\/RSET1-300x300.jpg 300w, http:\/\/krestcymbals.com.br\/web\/wp-content\/uploads\/2015\/10\/RSET1-150x150.jpg 150w, http:\/\/krestcymbals.com.br\/web\/wp-content\/uploads\/2015\/10\/RSET1.jpg 1000w\" sizes=\"auto, (max-width: 300px) 100vw, 300px\" \/><\/a>14&#8243;, 16&#8243; 20&#8243; \u00a0+ Bag Luxo<\/p>\n<\/div><\/div><\/div>\n\n<div class=\"space_40 clearfix\"><\/div>\n<a href=\"http:\/\/krestcymbals.com.br\/web\/produtos\/\" class=\"btn button btn-shortcode kad-btn kad-btn-primary\" id=\"kadbtn130\" target=\"_self\" style=\"background-color:#FF0000;color:#FFF;\">&lt;&lt;Voltar<\/a>\n<div class=\"space_40 clearfix\"><\/div>\n<p>&nbsp;<\/p>\n<h3><strong>V\u00cdDEOS<\/strong><\/h3>\n<h4>Em breve novos v\u00eddeos da linha R.<\/h4>\n<p>&nbsp;<\/p>\n<p><iframe loading=\"lazy\" src=\"https:\/\/www.youtube.com\/embed\/7gb72lM_LT8\" width=\"100%\" height=\"450\" frameborder=\"0\" allowfullscreen=\"allowfullscreen\"><\/iframe><\/p>\n<h4 style=\"text-align: left;\"><div class=\"space_20 clearfix\"><\/div>\nDICA:\u00a0SAIBA ESCOLHER O TIPO DE CRASH IDEAL PARA SEU SOM.<\/h4>\n<p><img loading=\"lazy\" decoding=\"async\" class=\"alignnone wp-image-239 size-full\" src=\"http:\/\/krestcymbals.com.br\/web\/wp-content\/uploads\/2015\/08\/COMPARATIVO_CRASHES_KREST2-e1447606681946.jpg\" alt=\"COMPARATIVO_CRASHES_KREST\" width=\"850\" height=\"240\" \/><\/p>\n<div class=\"space_20 clearfix\"><\/div>\n<h3><\/h3>\n\n<div style=\"display: block !important; margin:0 !important; padding: 0 !important\" id=\"wpp_popup_post_end_element\"><\/div><p><\/p>","protected":false},"excerpt":{"rendered":"<p>SONORIDADE VERS\u00c1TIL Linha profissional muito vers\u00e1til nas suas aplica\u00e7\u00f5es e com grande variedade de medidas. Os pratos da linha R t\u00eam uma resposta r\u00e1pida e decay m\u00e9dio. &nbsp; V\u00cdDEOS Em breve novos v\u00eddeos da linha R. &nbsp; DICA:\u00a0SAIBA ESCOLHER O &hellip; <a href=\"http:\/\/krestcymbals.com.br\/web\/r-series\/\">Conte\u00fado<\/a><\/p>\n","protected":false},"author":1,"featured_media":478,"parent":0,"menu_order":19,"comment_status":"closed","ping_status":"closed","template":"page-feature-sidebar.php","meta":{"footnotes":""},"class_list":["post-465","page","type-page","status-publish","has-post-thumbnail","hentry"],"_links":{"self":[{"href":"http:\/\/krestcymbals.com.br\/web\/wp-json\/wp\/v2\/pages\/465","targetHints":{"allow":["GET"]}}],"collection":[{"href":"http:\/\/krestcymbals.com.br\/web\/wp-json\/wp\/v2\/pages"}],"about":[{"href":"http:\/\/krestcymbals.com.br\/web\/wp-json\/wp\/v2\/types\/page"}],"author":[{"embeddable":true,"href":"http:\/\/krestcymbals.com.br\/web\/wp-json\/wp\/v2\/users\/1"}],"replies":[{"embeddable":true,"href":"http:\/\/krestcymbals.com.br\/web\/wp-json\/wp\/v2\/comments?post=465"}],"version-history":[{"count":15,"href":"http:\/\/krestcymbals.com.br\/web\/wp-json\/wp\/v2\/pages\/465\/revisions"}],"predecessor-version":[{"id":1426,"href":"http:\/\/krestcymbals.com.br\/web\/wp-json\/wp\/v2\/pages\/465\/revisions\/1426"}],"wp:featuredmedia":[{"embeddable":true,"href":"http:\/\/krestcymbals.com.br\/web\/wp-json\/wp\/v2\/media\/478"}],"wp:attachment":[{"href":"http:\/\/krestcymbals.com.br\/web\/wp-json\/wp\/v2\/media?parent=465"}],"curies":[{"name":"wp","href":"https:\/\/api.w.org\/{rel}","templated":true}]}}