{"id":405,"date":"2015-10-26T13:36:13","date_gmt":"2015-10-26T13:36:13","guid":{"rendered":"http:\/\/krestcymbals.com.br\/teste\/?page_id=405"},"modified":"2015-10-26T14:26:02","modified_gmt":"2015-10-26T14:26:02","slug":"videos","status":"publish","type":"page","link":"http:\/\/krestcymbals.com.br\/web\/videos\/","title":{"rendered":"V\u00cdDEOS"},"content":{"rendered":"<h2>Veja uma sele\u00e7\u00e3o de\u00a0v\u00eddeos de endorsses Krest Cymbals.<\/h2>\n<div class=\"space_40 clearfix\"><\/div>\n<p>&nbsp;<\/p>\n<!-- print_responsive_video_grid_func --><style type='text\/css'>\n       #divSliderMain69df0ec493c09  {background: none repeat scroll 0 0#FFFFFF ! important;\n                border: 0px none !important;\n                box-shadow: 0 0 0 0 !important;\n\n        }\n        <\/style>\t\n                                   <div style=\"clear: both;\"><\/div>\n                                            \n\n                                 <div style=\"width: auto; postion: relative\" id=\"divSliderMain69df0ec493c09\">\n                                     \n                                      <div id=\"thumnail_slider69df0ec493c08\" class=\"wrap_grid\" style=\"margin-top: 2px !important;\">\n                                          <div class=\"box_parent\">     \n                                            \n\n                                                                               <div class=\"box_grid\">\n                                                                               <div class=\"boxInner_grid\">\n\n                                                                                                                                                                          <a rel=\"rel_69df0ec493c18\" data-overlay=\"1\" data-title=\"&lt;a class='Imglink' target='_self' href='https:\/\/www.youtube.com\/watch?v=bzHZXYerVIk'&gt;B.Y.O.B. (System Of A Down) Drum Cover by ALYSSON REZENDE&lt;\/a&gt;\" class=\"video_lbox\" href=\"\/\/www.youtube.com\/embed\/bzHZXYerVIk\">\n                                                                                           <img decoding=\"async\"  loading=\"lazy\"  class=\"thumb_img__  \"  src=\"http:\/\/krestcymbals.com.br\/web\/wp-content\/uploads\/wp-responsive-video-grid\/bzHZXYerVIk_big_270_360.jpg\" alt=\"B.Y.O.B. (System Of A Down) Drum Cover by ALYSSON REZENDE\"\/>\n                                                                                           <span class=\"playbtnCss\"><\/span>\n                                                                                           <div class=\"titleBox\">B.Y.O.B. (System Of A Down) Drum Cover by ALYSSON REZENDE<\/div>\n                                                                                       <\/a>  \n                                                                                       \n                                                                               <\/div>\n                                                                             <\/div>\n\n                                                               \n\n                                                                               <div class=\"box_grid\">\n                                                                               <div class=\"boxInner_grid\">\n\n                                                                                                                                                                          <a rel=\"rel_69df0ec493c18\" data-overlay=\"1\" data-title=\"&lt;a class='Imglink' target='_self' href='https:\/\/www.youtube.com\/watch?v=VHvMATqpkic'&gt;Jorge Casagrande -  Solo Nagano&lt;\/a&gt;\" class=\"video_lbox\" href=\"\/\/www.youtube.com\/embed\/VHvMATqpkic\">\n                                                                                           <img decoding=\"async\"  loading=\"lazy\"  class=\"thumb_img__  \"  src=\"http:\/\/krestcymbals.com.br\/web\/wp-content\/uploads\/wp-responsive-video-grid\/VHvMATqpkic_big_270_360.jpg\" alt=\"Jorge Casagrande -  Solo Nagano\"\/>\n                                                                                           <span class=\"playbtnCss\"><\/span>\n                                                                                           <div class=\"titleBox\">Jorge Casagrande -  Solo Nagano<\/div>\n                                                                                       <\/a>  \n                                                                                       \n                                                                               <\/div>\n                                                                             <\/div>\n\n                                                               \n\n                                                                               <div class=\"box_grid\">\n                                                                               <div class=\"boxInner_grid\">\n\n                                                                                                                                                                          <a rel=\"rel_69df0ec493c18\" data-overlay=\"1\" data-title=\"&lt;a class='Imglink' target='_self' href='https:\/\/www.youtube.com\/watch?v=EcQ-DtlR-ys'&gt;Jorge Casagrande na F&amp;aacute;brica da Krest interpretando tema Pumpkin with coconut (Cristiano Galv&amp;atilde;o)&lt;\/a&gt;\" class=\"video_lbox\" href=\"\/\/www.youtube.com\/embed\/EcQ-DtlR-ys\">\n                                                                                           <img decoding=\"async\"  loading=\"lazy\"  class=\"thumb_img__  \"  src=\"http:\/\/krestcymbals.com.br\/web\/wp-content\/uploads\/wp-responsive-video-grid\/EcQ-DtlR-ys_big_270_360.jpg\" alt=\"Jorge Casagrande na F&aacute;brica da Krest interpretando tema Pumpkin with coconut (Cristiano Galv&atilde;o)\"\/>\n                                                                                           <span class=\"playbtnCss\"><\/span>\n                                                                                           <div class=\"titleBox\">Jorge Casagrande na F&aacute;brica da Krest interpretando tema Pumpkin with coconut (Cristiano Galv&atilde;o)<\/div>\n                                                                                       <\/a>  \n                                                                                       \n                                                                               <\/div>\n                                                                             <\/div>\n\n                                                               \n\n                                                                               <div class=\"box_grid\">\n                                                                               <div class=\"boxInner_grid\">\n\n                                                                                                                                                                          <a rel=\"rel_69df0ec493c18\" data-overlay=\"1\" data-title=\"&lt;a class='Imglink' target='_self' href='https:\/\/www.youtube.com\/watch?v=BV0nbQibDds'&gt;Daniel Moys&amp;eacute;s - Drums Solo ( Adah Meed e Krest Cymbals )&lt;\/a&gt;\" class=\"video_lbox\" href=\"\/\/www.youtube.com\/embed\/BV0nbQibDds\">\n                                                                                           <img decoding=\"async\"  loading=\"lazy\"  class=\"thumb_img__  \"  src=\"http:\/\/krestcymbals.com.br\/web\/wp-content\/uploads\/wp-responsive-video-grid\/BV0nbQibDds_big_270_360.jpg\" alt=\"Daniel Moys&eacute;s - Drums Solo ( Adah Meed e Krest Cymbals )\"\/>\n                                                                                           <span class=\"playbtnCss\"><\/span>\n                                                                                           <div class=\"titleBox\">Daniel Moys&eacute;s - Drums Solo ( Adah Meed e Krest Cymbals )<\/div>\n                                                                                       <\/a>  \n                                                                                       \n                                                                               <\/div>\n                                                                             <\/div>\n\n                                                               \n\n                                                                               <div class=\"box_grid\">\n                                                                               <div class=\"boxInner_grid\">\n\n                                                                                                                                                                          <a rel=\"rel_69df0ec493c18\" data-overlay=\"1\" data-title=\"&lt;a class='Imglink' target='_self' href='https:\/\/www.youtube.com\/watch?v=RWJBcKFgSEQ'&gt;Bugello baterista da cantora Claudia Leitte, endorsee Krest Cymbals&lt;\/a&gt;\" class=\"video_lbox\" href=\"\/\/www.youtube.com\/embed\/RWJBcKFgSEQ\">\n                                                                                           <img decoding=\"async\"  loading=\"lazy\"  class=\"thumb_img__  \"  src=\"http:\/\/krestcymbals.com.br\/web\/wp-content\/uploads\/wp-responsive-video-grid\/RWJBcKFgSEQ_big_270_360.jpg\" alt=\"Bugello baterista da cantora Claudia Leitte, endorsee Krest Cymbals\"\/>\n                                                                                           <span class=\"playbtnCss\"><\/span>\n                                                                                           <div class=\"titleBox\">Bugello baterista da cantora Claudia Leitte, endorsee Krest Cymbals<\/div>\n                                                                                       <\/a>  \n                                                                                       \n                                                                               <\/div>\n                                                                             <\/div>\n\n                                                               \n\n                                                                               <div class=\"box_grid\">\n                                                                               <div class=\"boxInner_grid\">\n\n                                                                                                                                                                          <a rel=\"rel_69df0ec493c18\" data-overlay=\"1\" data-title=\"&lt;a class='Imglink' target='_self' href='https:\/\/www.youtube.com\/watch?v=CXY5eT6nwks'&gt;Isaac Batera e Banda Magni\u0301ficos, Apaixonada, no Chevrolet Hall Oficial 2014&lt;\/a&gt;\" class=\"video_lbox\" href=\"\/\/www.youtube.com\/embed\/CXY5eT6nwks\">\n                                                                                           <img decoding=\"async\"  loading=\"lazy\"  class=\"thumb_img__  \"  src=\"http:\/\/krestcymbals.com.br\/web\/wp-content\/uploads\/wp-responsive-video-grid\/CXY5eT6nwks_big_270_360.jpg\" alt=\"Isaac Batera e Banda Magni\u0301ficos, Apaixonada, no Chevrolet Hall Oficial 2014\"\/>\n                                                                                           <span class=\"playbtnCss\"><\/span>\n                                                                                           <div class=\"titleBox\">Isaac Batera e Banda Magni\u0301ficos, Apaixonada, no Chevrolet Hall Oficial 2014<\/div>\n                                                                                       <\/a>  \n                                                                                       \n                                                                               <\/div>\n                                                                             <\/div>\n\n                                                               \n\n                                                                               <div class=\"box_grid\">\n                                                                               <div class=\"boxInner_grid\">\n\n                                                                                                                                                                          <a rel=\"rel_69df0ec493c18\" data-overlay=\"1\" data-title=\"&lt;a class='Imglink' target='_self' href='https:\/\/www.youtube.com\/watch?v=8E5dzVrm62w'&gt;Vanguart - Boa Parte de Mim Vai Embora Tour 2013 ( Show Completo )&lt;\/a&gt;\" class=\"video_lbox\" href=\"\/\/www.youtube.com\/embed\/8E5dzVrm62w\">\n                                                                                           <img decoding=\"async\"  loading=\"lazy\"  class=\"thumb_img__  \"  src=\"http:\/\/krestcymbals.com.br\/web\/wp-content\/uploads\/wp-responsive-video-grid\/8E5dzVrm62w_big_270_360.jpg\" alt=\"Vanguart - Boa Parte de Mim Vai Embora Tour 2013 ( Show Completo )\"\/>\n                                                                                           <span class=\"playbtnCss\"><\/span>\n                                                                                           <div class=\"titleBox\">Vanguart - Boa Parte de Mim Vai Embora Tour 2013 ( Show Completo )<\/div>\n                                                                                       <\/a>  \n                                                                                       \n                                                                               <\/div>\n                                                                             <\/div>\n\n                                                               \n\n                                                                               <div class=\"box_grid\">\n                                                                               <div class=\"boxInner_grid\">\n\n                                                                                                                                                                          <a rel=\"rel_69df0ec493c18\" data-overlay=\"1\" data-title=\"&lt;a class='Imglink' target='_self' href='https:\/\/www.youtube.com\/watch?v=4nQRySWoDaA'&gt;Vivendo do &amp;Oacute;cio (on AudioArena Originals) - Full Show&lt;\/a&gt;\" class=\"video_lbox\" href=\"\/\/www.youtube.com\/embed\/4nQRySWoDaA\">\n                                                                                           <img decoding=\"async\"  loading=\"lazy\"  class=\"thumb_img__  \"  src=\"http:\/\/krestcymbals.com.br\/web\/wp-content\/uploads\/wp-responsive-video-grid\/4nQRySWoDaA_big_270_360.jpg\" alt=\"Vivendo do &Oacute;cio (on AudioArena Originals) - Full Show\"\/>\n                                                                                           <span class=\"playbtnCss\"><\/span>\n                                                                                           <div class=\"titleBox\">Vivendo do &Oacute;cio (on AudioArena Originals) - Full Show<\/div>\n                                                                                       <\/a>  \n                                                                                       \n                                                                               <\/div>\n                                                                             <\/div>\n\n                                                               \n\n                                                                               <div class=\"box_grid\">\n                                                                               <div class=\"boxInner_grid\">\n\n                                                                                                                                                                          <a rel=\"rel_69df0ec493c18\" data-overlay=\"1\" data-title=\"&lt;a class='Imglink' target='_self' href='https:\/\/www.youtube.com\/watch?v=O-U728qA5r8'&gt;Riquelme na batera - Sofro de ressaca, mas n&amp;atilde;o morro de amor&lt;\/a&gt;\" class=\"video_lbox\" href=\"\/\/www.youtube.com\/embed\/O-U728qA5r8\">\n                                                                                           <img decoding=\"async\"  loading=\"lazy\"  class=\"thumb_img__  \"  src=\"http:\/\/krestcymbals.com.br\/web\/wp-content\/uploads\/wp-responsive-video-grid\/O-U728qA5r8_big_270_360.jpg\" alt=\"Riquelme na batera - Sofro de ressaca, mas n&atilde;o morro de amor\"\/>\n                                                                                           <span class=\"playbtnCss\"><\/span>\n                                                                                           <div class=\"titleBox\">Riquelme na batera - Sofro de ressaca, mas n&atilde;o morro de amor<\/div>\n                                                                                       <\/a>  \n                                                                                       \n                                                                               <\/div>\n                                                                             <\/div>\n\n                                                               \n\n                                                                               <div class=\"box_grid\">\n                                                                               <div class=\"boxInner_grid\">\n\n                                                                                                                                                                          <a rel=\"rel_69df0ec493c18\" data-overlay=\"1\" data-title=\"&lt;a class='Imglink' target='_self' href='https:\/\/www.youtube.com\/watch?v=-Wv8bEMqvtE'&gt;Rodolfo Abrantes | Fornalha 2014&lt;\/a&gt;\" class=\"video_lbox\" href=\"\/\/www.youtube.com\/embed\/-Wv8bEMqvtE\">\n                                                                                           <img decoding=\"async\"  loading=\"lazy\"  class=\"thumb_img__  \"  src=\"http:\/\/krestcymbals.com.br\/web\/wp-content\/uploads\/wp-responsive-video-grid\/-Wv8bEMqvtE_big_270_360.jpg\" alt=\"Rodolfo Abrantes | Fornalha 2014\"\/>\n                                                                                           <span class=\"playbtnCss\"><\/span>\n                                                                                           <div class=\"titleBox\">Rodolfo Abrantes | Fornalha 2014<\/div>\n                                                                                       <\/a>  \n                                                                                       \n                                                                               <\/div>\n                                                                             <\/div>\n\n                                                               \n\n                                                                               <div class=\"box_grid\">\n                                                                               <div class=\"boxInner_grid\">\n\n                                                                                                                                                                          <a rel=\"rel_69df0ec493c18\" data-overlay=\"1\" data-title=\"&lt;a class='Imglink' target='_self' href='https:\/\/www.youtube.com\/watch?v=ARi8ian3ASs'&gt;Rod Bala, mostra seu setup Krest Cymbals para as festas de S&amp;atilde;o Jo&amp;atilde;o&lt;\/a&gt;\" class=\"video_lbox\" href=\"\/\/www.youtube.com\/embed\/ARi8ian3ASs\">\n                                                                                           <img decoding=\"async\"  loading=\"lazy\"  class=\"thumb_img__  \"  src=\"http:\/\/krestcymbals.com.br\/web\/wp-content\/uploads\/wp-responsive-video-grid\/ARi8ian3ASs_big_270_360.jpg\" alt=\"Rod Bala, mostra seu setup Krest Cymbals para as festas de S&atilde;o Jo&atilde;o\"\/>\n                                                                                           <span class=\"playbtnCss\"><\/span>\n                                                                                           <div class=\"titleBox\">Rod Bala, mostra seu setup Krest Cymbals para as festas de S&atilde;o Jo&atilde;o<\/div>\n                                                                                       <\/a>  \n                                                                                       \n                                                                               <\/div>\n                                                                             <\/div>\n\n                                                               \n\n                                                                               <div class=\"box_grid\">\n                                                                               <div class=\"boxInner_grid\">\n\n                                                                                                                                                                          <a rel=\"rel_69df0ec493c18\" data-overlay=\"1\" data-title=\"&lt;a class='Imglink' target='_self' href='https:\/\/www.youtube.com\/watch?v=C-mniGBada0'&gt;Anderson Cancio ( Pablo )  ) usa Krest Cymbals!&lt;\/a&gt;\" class=\"video_lbox\" href=\"\/\/www.youtube.com\/embed\/C-mniGBada0\">\n                                                                                           <img decoding=\"async\"  loading=\"lazy\"  class=\"thumb_img__  \"  src=\"http:\/\/krestcymbals.com.br\/web\/wp-content\/uploads\/wp-responsive-video-grid\/C-mniGBada0_big_270_360.jpg\" alt=\"Anderson Cancio ( Pablo )  ) usa Krest Cymbals!\"\/>\n                                                                                           <span class=\"playbtnCss\"><\/span>\n                                                                                           <div class=\"titleBox\">Anderson Cancio ( Pablo )  ) usa Krest Cymbals!<\/div>\n                                                                                       <\/a>  \n                                                                                       \n                                                                               <\/div>\n                                                                             <\/div>\n\n                                                                  \n                                                              \n                                            <\/div>\n                                      <\/div>\n                               <\/div>\n                            <script>\n                            \n                                           \n                            var interval_69df0ec4968c0 = setInterval(function() {\n\n                            if(document.readyState === 'complete') {\n\n                               clearInterval(interval_69df0ec4968c0);\n                                         \n                                    var uniqObj=jQuery(\"a[rel='rel_69df0ec493c18']\");\n\n\n                                    videoPlacements('thumnail_slider69df0ec493c08',jQuery);\n                                    jQuery(\".video_lbox\").fancybox_vg({\n                                    'type'    : \"iframe\",\n                                    'overlayColor':'#000000',\n                                     'padding': 10,\n                                     'autoScale': true,\n                                     'autoDimensions':true,\n                                     'transitionIn': 'none',\n                                     'uniqObj':uniqObj,\n                                     'transitionOut': 'none',\n                                     'titlePosition': 'outside',\n                                     'hideOnContentClick':false,\n                                     'width' : 650,\n                                     'height' : 400,\n                                     'titleFormat': function(title, currentArray, currentIndex, currentOpts) {\n\n                                         var currtElem = jQuery('#thumnail_slider69df0ec493c08 a[href=\"'+currentOpts.href+'\"]');\n\n                                         var isoverlay = jQuery(currtElem).attr('data-overlay')\n\n                                        if(isoverlay==\"1\" && jQuery.trim(title)!=\"\"){\n                                            return '<span id=\"fancybox_vg-title-over\">' + title  + '<\/span>';\n                                         }\n                                        else{\n                                                 return '';\n                                             }\n\n                                           }\n\n                                        });\n\n\n                                    var width__ = jQuery(window).width();\n                                    var timer__;\n                                    jQuery(window).bind('resize', function(){\n                                        if(jQuery(window).width() != width__){\n\n                                            width__ = jQuery(window).width();\n                                            timer__ && clearTimeout(timer__);\n                                            timer__ = setTimeout(function(){ \n\n                                            videoPlacements('thumnail_slider69df0ec493c08',jQuery);\n\n                                            }, 200);\n\n                                        }  \n                                    });\n                                }    \n                            }, 100);\n                                                            \n                             <\/script>\n                             <div class=\"clear_div\"><\/div><!-- end print_responsive_video_grid_func -->\n                 \n                                                                                           \n         \n\n<div style=\"display: block !important; margin:0 !important; padding: 0 !important\" id=\"wpp_popup_post_end_element\"><\/div><p><\/p>","protected":false},"excerpt":{"rendered":"<p>Veja uma sele\u00e7\u00e3o de\u00a0v\u00eddeos de endorsses Krest Cymbals. &nbsp;<\/p>\n","protected":false},"author":1,"featured_media":0,"parent":0,"menu_order":59,"comment_status":"closed","ping_status":"closed","template":"page-feature-sidebar.php","meta":{"footnotes":""},"class_list":["post-405","page","type-page","status-publish","hentry"],"_links":{"self":[{"href":"http:\/\/krestcymbals.com.br\/web\/wp-json\/wp\/v2\/pages\/405","targetHints":{"allow":["GET"]}}],"collection":[{"href":"http:\/\/krestcymbals.com.br\/web\/wp-json\/wp\/v2\/pages"}],"about":[{"href":"http:\/\/krestcymbals.com.br\/web\/wp-json\/wp\/v2\/types\/page"}],"author":[{"embeddable":true,"href":"http:\/\/krestcymbals.com.br\/web\/wp-json\/wp\/v2\/users\/1"}],"replies":[{"embeddable":true,"href":"http:\/\/krestcymbals.com.br\/web\/wp-json\/wp\/v2\/comments?post=405"}],"version-history":[{"count":4,"href":"http:\/\/krestcymbals.com.br\/web\/wp-json\/wp\/v2\/pages\/405\/revisions"}],"predecessor-version":[{"id":411,"href":"http:\/\/krestcymbals.com.br\/web\/wp-json\/wp\/v2\/pages\/405\/revisions\/411"}],"wp:attachment":[{"href":"http:\/\/krestcymbals.com.br\/web\/wp-json\/wp\/v2\/media?parent=405"}],"curies":[{"name":"wp","href":"https:\/\/api.w.org\/{rel}","templated":true}]}}