{"id":36,"date":"2014-06-08T19:56:41","date_gmt":"2014-06-08T19:56:41","guid":{"rendered":"http:\/\/krestcymbals.com.br\/teste\/?page_id=36"},"modified":"2015-12-01T11:52:10","modified_gmt":"2015-12-01T11:52:10","slug":"empresa","status":"publish","type":"page","link":"http:\/\/krestcymbals.com.br\/web\/empresa\/","title":{"rendered":"CONHE\u00c7A A KREST CYMBALS"},"content":{"rendered":"<p style=\"text-align: justify;\">A Krest Cymbals \u00e9 uma empresa relativamente jovem por\u00e9m com uma trajet\u00f3ria pautada por uma r\u00e1pida expans\u00e3o al\u00e9m de um grande reconhecimento do p\u00fablico.<\/p>\n<p>2011 marcou o in\u00edcio de uma etapa de renova\u00e7\u00e3o total para a empresa: Uma proposta musical\u00a0mais arrojada e moderna, um casting de artistas de grande expressividade e proje\u00e7\u00e3o al\u00e9m do compromisso permanente de oferecer ao mercado musical, pratos de excelente qualidade pelo melhor pre\u00e7o em suas respectivas categorias. Conhe\u00e7a \u00a0linhas de produtos, caracter\u00edsticas e diferenciais.<\/p>\n<p>&nbsp;<\/p>\n<h4>KREST CYMBALS,<br \/>\nUMA LINHA COM PROPOSTAS SONORAS MUITO CLARAS E DEFINIDAS!<\/h4>\n<div class=\"space_20 clearfix\"><\/div>\n<div class=\"row\"> <div class=\"col-md-6\">\n<a href=\"http:\/\/krestcymbals.com.br\/web\/wp-content\/uploads\/2015\/12\/krest_guia_produtos_2015.pdf\" class=\"btn button btn-shortcode kad-btn kad-btn-primary\" id=\"kadbtn461\" target=\"_blank\" style=\"background-color:#FF0000;color:#FFF;\"><strong>BAIXE AQUI NOSSO GUIA DE PRODUTOS<\/strong><\/a>\n<\/div><div class=\"col-md-6\">\n<a href=\"http:\/\/krestcymbals.com.br\/web\/wp-content\/uploads\/2014\/06\/GUIA_KREST1.jpg\"><img loading=\"lazy\" decoding=\"async\" class=\"alignnone wp-image-1085 size-full\" src=\"http:\/\/krestcymbals.com.br\/web\/wp-content\/uploads\/2014\/06\/GUIA_KREST1.jpg\" alt=\"\" width=\"229\" height=\"400\" srcset=\"http:\/\/krestcymbals.com.br\/web\/wp-content\/uploads\/2014\/06\/GUIA_KREST1.jpg 229w, http:\/\/krestcymbals.com.br\/web\/wp-content\/uploads\/2014\/06\/GUIA_KREST1-172x300.jpg 172w\" sizes=\"auto, (max-width: 229px) 100vw, 229px\" \/><\/a><\/p>\n<\/div><\/div>\n\n<div style=\"display: block !important; margin:0 !important; padding: 0 !important\" id=\"wpp_popup_post_end_element\"><\/div><p><\/p>","protected":false},"excerpt":{"rendered":"<p>A Krest Cymbals \u00e9 uma empresa relativamente jovem por\u00e9m com uma trajet\u00f3ria pautada por uma r\u00e1pida expans\u00e3o al\u00e9m de um grande reconhecimento do p\u00fablico. 2011 marcou o in\u00edcio de uma etapa de renova\u00e7\u00e3o total para a empresa: Uma proposta musical\u00a0mais &hellip; <a href=\"http:\/\/krestcymbals.com.br\/web\/empresa\/\">Conte\u00fado<\/a><\/p>\n","protected":false},"author":1,"featured_media":279,"parent":0,"menu_order":5,"comment_status":"closed","ping_status":"closed","template":"page-feature-sidebar.php","meta":{"footnotes":""},"class_list":["post-36","page","type-page","status-publish","has-post-thumbnail","hentry"],"_links":{"self":[{"href":"http:\/\/krestcymbals.com.br\/web\/wp-json\/wp\/v2\/pages\/36","targetHints":{"allow":["GET"]}}],"collection":[{"href":"http:\/\/krestcymbals.com.br\/web\/wp-json\/wp\/v2\/pages"}],"about":[{"href":"http:\/\/krestcymbals.com.br\/web\/wp-json\/wp\/v2\/types\/page"}],"author":[{"embeddable":true,"href":"http:\/\/krestcymbals.com.br\/web\/wp-json\/wp\/v2\/users\/1"}],"replies":[{"embeddable":true,"href":"http:\/\/krestcymbals.com.br\/web\/wp-json\/wp\/v2\/comments?post=36"}],"version-history":[{"count":21,"href":"http:\/\/krestcymbals.com.br\/web\/wp-json\/wp\/v2\/pages\/36\/revisions"}],"predecessor-version":[{"id":1090,"href":"http:\/\/krestcymbals.com.br\/web\/wp-json\/wp\/v2\/pages\/36\/revisions\/1090"}],"wp:featuredmedia":[{"embeddable":true,"href":"http:\/\/krestcymbals.com.br\/web\/wp-json\/wp\/v2\/media\/279"}],"wp:attachment":[{"href":"http:\/\/krestcymbals.com.br\/web\/wp-json\/wp\/v2\/media?parent=36"}],"curies":[{"name":"wp","href":"https:\/\/api.w.org\/{rel}","templated":true}]}}