{"id":282,"date":"2015-09-20T18:30:03","date_gmt":"2015-09-20T18:30:03","guid":{"rendered":"http:\/\/krestcymbals.com.br\/teste\/?page_id=282"},"modified":"2015-11-17T17:14:23","modified_gmt":"2015-11-17T17:14:23","slug":"revendas","status":"publish","type":"page","link":"http:\/\/krestcymbals.com.br\/web\/revendas\/","title":{"rendered":"REVENDAS KREST CYMBALS"},"content":{"rendered":"<div class=\"space_20 clearfix\"><\/div>\nLocalize as lojas mais pr\u00f3ximas \u00e0 sua regi\u00e3o. Em caso de n\u00e3o encontrar algum de nossos produtos, entre em contato conosco para lhe indicar uma revenda.<\/p>\n<div class=\"space_20 clearfix\"><\/div>\n<p>&nbsp;<\/p>\n<div class=\"row\"> <div class=\"col-md-6\">\n<h3><span style=\"color: #ff0000;\"><strong>Lojas F\u00edsicas<\/strong><\/span><\/h3>\n<form action=\"\" method=\"post\"><\/form>\n<form name=\"jump\"><select style=\"width: 100%;\" name=\"menu\" onchange=\"location=document.jump.menu.options&#091;document.jump.menu.selectedIndex&#093;.value;\"><option>Selecione um Estado<\/option><option><\/option><option value=\"http:\/\/krestcymbals.com.br\/web\/revendas\/revendas-ac\">AC<\/option><option style=\"background-color: #ebebeb;\" value=\"http:\/\/krestcymbals.com.br\/web\/revendas\/revendas-al\">AL<\/option><option value=\"http:\/\/krestcymbals.com.br\/web\/revendas\/revendas-ap\">AP<\/option><option style=\"background-color: #ebebeb;\" value=\"http:\/\/krestcymbals.com.br\/web\/revendas\/revendas-am\">AM<\/option><option value=\"http:\/\/krestcymbals.com.br\/web\/revendas\/revendas-ba\">BA<\/option><option style=\"background-color: #ebebeb;\" value=\"http:\/\/krestcymbals.com.br\/web\/revendas\/revendas-ce\">CE<\/option><option value=\"http:\/\/krestcymbals.com.br\/web\/revendas\/revendas-es\">ES<\/option><option style=\"background-color: #ebebeb;\" value=\"http:\/\/krestcymbals.com.br\/web\/revendas\/revendas-go\">GO-DF<\/option><option value=\"http:\/\/krestcymbals.com.br\/web\/revendas\/revendas-ma\">MA<\/option><option style=\"background-color: #ebebeb;\" value=\"http:\/\/krestcymbals.com.br\/web\/revendas\/revendas-mt\">MT<\/option><option value=\"http:\/\/krestcymbals.com.br\/web\/revendas\/revendas-ms\">MS<\/option><option style=\"background-color: #ebebeb;\" value=\"http:\/\/krestcymbals.com.br\/web\/revendas\/revendas-mg\">MG<\/option><option value=\"http:\/\/krestcymbals.com.br\/web\/revendas\/revendas-pa\">PA<\/option><option style=\"background-color: #ebebeb;\" value=\"http:\/\/krestcymbals.com.br\/web\/revendas\/revendas-pb\">PB<\/option><option value=\"http:\/\/krestcymbals.com.br\/web\/revendas\/revendas-pe\">PE<\/option><option style=\"background-color: #ebebeb;\" value=\"http:\/\/krestcymbals.com.br\/web\/revendas\/revendas-pi\">PI<\/option><option value=\"http:\/\/krestcymbals.com.br\/web\/revendas\/revendas-pr\">PR<\/option><option style=\"background-color: #ebebeb;\" value=\"http:\/\/krestcymbals.com.br\/web\/revendas\/revendas-rn\">RN<\/option><option value=\"http:\/\/krestcymbals.com.br\/web\/revendas\/revendas-rs\">RS<\/option><option style=\"background-color: #ebebeb;\" value=\"http:\/\/krestcymbals.com.br\/web\/revendas\/revendas-rj\">RJ<\/option><option value=\"http:\/\/krestcymbals.com.br\/web\/revendas\/revendas-rr\">RR<\/option><option style=\"background-color: #ebebeb;\" value=\"http:\/\/krestcymbals.com.br\/web\/revendas\/revendas-ro\">RO<\/option><option value=\"http:\/\/krestcymbals.com.br\/web\/revendas\/revendas-se\">SE<\/option><option style=\"background-color: #ebebeb;\" value=\"http:\/\/krestcymbals.com.br\/web\/revendas\/revendas-sc\">SC<\/option><option value=\"http:\/\/krestcymbals.com.br\/web\/revendas\/revendas-sp-capital\">SP-Capital \/ Grande S\u00e3o Paulo<\/option><option style=\"background-color: #ebebeb;\" value=\"http:\/\/krestcymbals.com.br\/web\/revendas\/revendas-sp-interior\">SP-Interior<\/option><option value=\"http:\/\/krestcymbals.com.br\/web\/revendas\/revendas-to\">TO<\/option><\/select><br \/>\n<div class=\"space_80 clearfix\"><\/div><div class=\"space_20 clearfix\"><\/div><span style=\"color: #ff0000;\"><span style=\"color: #ff0000;\"><br \/>\n<\/span><\/span><\/p>\n<h3><strong><span style=\"color: #ff0000;\">Lojas Virtuais<\/span><\/strong><strong><br \/>\n<\/strong><\/h3>\n<p>Para procurar nossos produtos junto em revendedores Krest que s\u00e3o &#8220;<strong><span style=\"text-decoration: underline;\">exclusivamente e-commerce<\/span><\/strong>&#8220;.<br \/>\n<div class=\"space_20 clearfix\"><\/div>\n<a href=\"http:\/\/krestcymbals.com.br\/web\/revendas-virtuais\/\" class=\"btn button btn-shortcode kad-btn kad-btn-primary\" id=\"kadbtn626\" target=\"_self\" style=\"background-color:#999;color:#FFF;\"><strong>Clique Aqui<\/strong><\/a>\n<\/form>\n<\/div><div class=\"col-md-6\">\n<p><img loading=\"lazy\" decoding=\"async\" class=\"alignnone wp-image-753 size-full\" src=\"http:\/\/krestcymbals.com.br\/web\/wp-content\/uploads\/2015\/09\/brasil_krest-e1447680772848.jpg\" alt=\"brasil_krest\" width=\"400\" height=\"340\" srcset=\"http:\/\/krestcymbals.com.br\/web\/wp-content\/uploads\/2015\/09\/brasil_krest-e1447680772848.jpg 400w, http:\/\/krestcymbals.com.br\/web\/wp-content\/uploads\/2015\/09\/brasil_krest-e1447680772848-300x255.jpg 300w\" sizes=\"auto, (max-width: 400px) 100vw, 400px\" \/><\/p>\n<\/div><\/div>\n\n<div style=\"display: block !important; margin:0 !important; padding: 0 !important\" id=\"wpp_popup_post_end_element\"><\/div><p><\/p>","protected":false},"excerpt":{"rendered":"<p>Localize as lojas mais pr\u00f3ximas \u00e0 sua regi\u00e3o. Em caso de n\u00e3o encontrar algum de nossos produtos, entre em contato conosco para lhe indicar uma revenda. &nbsp;<\/p>\n","protected":false},"author":1,"featured_media":0,"parent":0,"menu_order":25,"comment_status":"closed","ping_status":"open","template":"page-feature-sidebar.php","meta":{"footnotes":""},"class_list":["post-282","page","type-page","status-publish","hentry"],"_links":{"self":[{"href":"http:\/\/krestcymbals.com.br\/web\/wp-json\/wp\/v2\/pages\/282","targetHints":{"allow":["GET"]}}],"collection":[{"href":"http:\/\/krestcymbals.com.br\/web\/wp-json\/wp\/v2\/pages"}],"about":[{"href":"http:\/\/krestcymbals.com.br\/web\/wp-json\/wp\/v2\/types\/page"}],"author":[{"embeddable":true,"href":"http:\/\/krestcymbals.com.br\/web\/wp-json\/wp\/v2\/users\/1"}],"replies":[{"embeddable":true,"href":"http:\/\/krestcymbals.com.br\/web\/wp-json\/wp\/v2\/comments?post=282"}],"version-history":[{"count":49,"href":"http:\/\/krestcymbals.com.br\/web\/wp-json\/wp\/v2\/pages\/282\/revisions"}],"predecessor-version":[{"id":963,"href":"http:\/\/krestcymbals.com.br\/web\/wp-json\/wp\/v2\/pages\/282\/revisions\/963"}],"wp:attachment":[{"href":"http:\/\/krestcymbals.com.br\/web\/wp-json\/wp\/v2\/media?parent=282"}],"curies":[{"name":"wp","href":"https:\/\/api.w.org\/{rel}","templated":true}]}}