{"id":254,"date":"2015-09-06T00:32:03","date_gmt":"2015-09-06T00:32:03","guid":{"rendered":"http:\/\/krestcymbals.com.br\/teste\/?page_id=254"},"modified":"2020-06-12T15:08:49","modified_gmt":"2020-06-12T15:08:49","slug":"representantes","status":"publish","type":"page","link":"http:\/\/krestcymbals.com.br\/web\/representantes\/","title":{"rendered":"REPRESENTANTES COMERCIAIS"},"content":{"rendered":"<h2>Localize um\u00a0representante Krest\u00a0na sua regi\u00e3o.<\/h2>\n<p>( Somente para lojistas ).<\/p>\n<div class=\"space_40 clearfix\"><\/div>\n\n<div class=\"panel-group kt-accordion\" id=\"accordionname249\"><div class=\"panel panel-default panel-even\"><div class=\"panel-heading\"><a class=\"accordion-toggle \" data-toggle=\"collapse\" data-parent=\"#accordionname249\" href=\"#collapse2490\"><h5><i class=\"icon-minus kt-icon-minus primary-color\"><\/i><i class=\"icon-plus kt-icon-plus\"><\/i><strong>SUL<\/strong><\/h5><\/a><\/div><div id=\"collapse2490\" class=\"panel-collapse collapse in\"><div class=\"panel-body postclass\">\n<div class=\"row\"> <div class=\"col-md-4\">\n<p><img loading=\"lazy\" decoding=\"async\" class=\"alignnone wp-image-427 size-full\" src=\"http:\/\/krestcymbals.com.br\/web\/wp-content\/uploads\/2015\/09\/mapa_krest_sul-e1447731785536.jpg\" alt=\"mapa_krest_sul\" width=\"250\" height=\"264\" \/><\/p>\n<\/div><div class=\"col-md-8\">\n<p>&nbsp;<\/p>\n<p><strong>RIO GRANDE DO SUL<br \/>\n<\/strong><\/p>\n<ul>\n<li>Jorge Aydos &#8211; Din\u00e2mica Representa\u00e7\u00f5es<br \/>\n(51) 3398-3128 \u00a0(51) 9986-7631<br \/>\n<span class=\"il\"><span class=\"il\"><span class=\"il\"><span class=\"il\"><span class=\"il\"><a href=\"mailto:jorge.aydos@terra.com.br\" target=\"_blank\" rel=\"noopener\">jorge.aydos@terra.com.br<\/a><\/span><\/span><\/span><\/span><\/span><\/li>\n<\/ul>\n<p>&nbsp;<\/p>\n<p><strong>SANTA CATARINA<br \/>\n<\/strong><\/p>\n<ul>\n<li>Jeferson Representa\u00e7\u00f5es\n<p class=\"p1\">(48) 3241-4175\u00a0 (48) 99904-8333<br \/>\n<a href=\"mailto:jefersonrep72@gmail.com\">jefersonrep72@gmail.com<\/a><\/p>\n<\/li>\n<\/ul>\n<p>&nbsp;<\/p>\n<p><strong>PARAN\u00c1<br \/>\n<\/strong><\/p>\n<ul>\n<li>Wellington &#8211;\u00a0New Musical\u00a0Representa\u00e7\u00f5es\n<p class=\"p1\">(41) 99649-7710<br \/>\n<a href=\"newmusicalrepresentacoes@gmail.com\" target=\"_blank\" rel=\"noopener\">newmusicalrepresentacoes@gmail.com<\/a><\/p>\n<\/li>\n<\/ul>\n<p>&nbsp;<\/p>\n<\/div><\/div>\n<\/div><\/div><\/div>\n<div class=\"panel panel-default panel-odd\"><div class=\"panel-heading\"><a class=\"accordion-toggle collapsed\" data-toggle=\"collapse\" data-parent=\"#accordionname249\" href=\"#collapse2491\"><h5><i class=\"icon-minus kt-icon-minus primary-color\"><\/i><i class=\"icon-plus kt-icon-plus\"><\/i><strong>SUDESTE<\/strong><\/h5><\/a><\/div><div id=\"collapse2491\" class=\"panel-collapse collapse \"><div class=\"panel-body postclass\">\n<div class=\"row\"> <div class=\"col-md-4\">\n<p><img loading=\"lazy\" decoding=\"async\" class=\"alignnone wp-image-435 size-full\" src=\"http:\/\/krestcymbals.com.br\/web\/wp-content\/uploads\/2015\/09\/mapa_krest_sudeste-e1447731826192.jpg\" alt=\"mapa_krest_sudeste\" width=\"250\" height=\"264\" \/><\/p>\n<\/div><div class=\"col-md-8\">\n<p><strong>S\u00c3O PAULO Regi\u00e3o 1:<br \/>\n<\/strong><\/p>\n<ul>\n<li>Reynaldo &#8211; Tanuki Representa\u00e7\u00f5es\n<p class=\"p1\">(11) 97991-5976<br \/>\n<span class=\"il\"><a href=\"tanukirepresentacoes@outlook.com\">tanukirepresentacoes@outlook.com<\/a><\/span><\/p>\n<\/li>\n<\/ul>\n<p>&nbsp;<\/p>\n<p><strong>S\u00c3O PAULO <strong>Regi\u00e3o 2: Interior<\/strong><br \/>\n<\/strong><\/p>\n<ul>\n<li>Ricardo Marinelli &#8211; MC Marinelli Representa\u00e7\u00f5es<br \/>\n(19) 3327-6900\u00a0 (16) 98124-0597<\/p>\n<p class=\"p1\"><span class=\"il\"><a href=\"rfmarinelli@uol.com.br\">rfmarinelli@uol.com.br<\/a><\/span><\/p>\n<\/li>\n<\/ul>\n<p>&nbsp;<\/p>\n<p><strong>S\u00c3O PAULO Regi\u00e3o 3:\u00a0 ABC, Vale Paraiba, Litoral<br \/>\n<\/strong><\/p>\n<ul>\n<li>Carlos Ara\u00fajo &#8211; Carlos\u00a0Representa\u00e7\u00f5es<br \/>\n(11)\u00a0944146005<br \/>\n<span class=\"il\"><span class=\"il\"><a href=\"mailto:carlos.l.araujo451@gmail.com\">carlos.l.araujo451@gmail.com<\/a><\/span><\/span><\/li>\n<\/ul>\n<p>&nbsp;<\/p>\n<p><strong>RIO DE JANEIRO<\/strong><\/p>\n<ul>\n<li>Rosangela Jesus dos Santos &#8211; 021 Representa\u00e7\u00f5es &amp; Gest\u00f5es\n<p class=\"p1\">(21) 97920-2828<br \/>\n<a href=\"021representacoes@gmail.com\">021representacoes@gmail.com<\/a><\/p>\n<\/li>\n<\/ul>\n<p>&nbsp;<\/p>\n<p><b>MINAS GERAIS\u00a0<\/b><\/p>\n<ul>\n<li>\n<p class=\"p1\">Diego Bella &#8211; Music Way<\/p>\n<p class=\"p1\">(31) 98485-2420<br \/>\n<a href=\"mailto:diegovendas100@gmail.com\">diegovendas100@gmail.com<\/a><\/p>\n<p>&nbsp;<\/li>\n<\/ul>\n<p><b>ESP\u00cdRITO SANTO\u00a0<\/b><\/p>\n<ul>\n<li>\n<p class=\"p1\">Ricardo Zani &#8211; Zani Representa\u00e7\u00f5es<br \/>\n(27) 99249-0786\u00a0 (11) 97113-2295<br \/>\n<a href=\"zani@zanirepresentacoes.com\">zani@zanirepresentacoes.com<\/a><\/p>\n<\/li>\n<\/ul>\n<\/div><\/div>\n<\/div><\/div><\/div>\n<div class=\"panel panel-default panel-even\"><div class=\"panel-heading\"><a class=\"accordion-toggle collapsed\" data-toggle=\"collapse\" data-parent=\"#accordionname249\" href=\"#collapse2492\"><h5><i class=\"icon-minus kt-icon-minus primary-color\"><\/i><i class=\"icon-plus kt-icon-plus\"><\/i><strong>CENTRO-OESTE<\/strong><\/h5><\/a><\/div><div id=\"collapse2492\" class=\"panel-collapse collapse \"><div class=\"panel-body postclass\">\n<div class=\"row\"> <div class=\"col-md-4\">\n<p><img loading=\"lazy\" decoding=\"async\" class=\"alignnone size-medium wp-image-875\" src=\"http:\/\/krestcymbals.com.br\/web\/wp-content\/uploads\/2015\/09\/mapa_krest_centro-oeste.jpg\" alt=\"mapa_krest_centro-oeste\" width=\"250\" height=\"264\" \/><\/p>\n<\/div><div class=\"col-md-8\">\n<p><strong>GOI\u00c1S &#8211; DF<\/strong><\/p>\n<ul>\n<li>\n<p class=\"p1\">Rodrigo &#8211; New Alba Representa\u00e7\u00f5es<br \/>\n(62) 98223-0267<br \/>\n<a href=\"mailto:newabarep@gmail.com\">newalbarep@gmail.com<\/a><\/p>\n<p><span class=\"il\"><span class=\"il\"><span class=\"il\">\u00a0<\/span><\/span><\/span><\/li>\n<\/ul>\n<p><strong>TOCANTINS<\/strong><\/p>\n<ul>\n<li>\n<p class=\"p1\">Orlando &#8211; OBS Representa\u00e7\u00e3o<br \/>\n(63) 99291-9286<br \/>\n<a href=\"mailto:obsrepresentacaocomercial@gmail.com\">obsrepresentacaocomercial@gmail.com<\/a><\/p>\n<p class=\"p1\">\n<\/li>\n<\/ul>\n<p><strong>MATO GROSSO E MATO GROSSO DO SUL<\/strong><\/p>\n<ul>\n<li>\n<p class=\"p1\">Antonio Spino\u00e7a<br \/>\n(65)-99313-1194\u00a0&#8211; (67) 99810-2789<br \/>\n<a href=\"antoniovendasmtms@hotmail.com\">antoniovendasmtms@hotmail.com<\/a><\/p>\n<\/li>\n<\/ul>\n<\/div><\/div>\n<\/div><\/div><\/div>\n<div class=\"panel panel-default panel-odd\"><div class=\"panel-heading\"><a class=\"accordion-toggle collapsed\" data-toggle=\"collapse\" data-parent=\"#accordionname249\" href=\"#collapse2493\"><h5><i class=\"icon-minus kt-icon-minus primary-color\"><\/i><i class=\"icon-plus kt-icon-plus\"><\/i><b>NORDESTE<\/b><\/h5><\/a><\/div><div id=\"collapse2493\" class=\"panel-collapse collapse \"><div class=\"panel-body postclass\">\n<div class=\"row\"> <div class=\"col-md-4\">\n<p><a href=\"http:\/\/krestcymbals.com.br\/web\/wp-content\/uploads\/2015\/09\/mapa_krest_nordeste.jpg\"><img loading=\"lazy\" decoding=\"async\" class=\"alignnone size-medium wp-image-874\" src=\"http:\/\/krestcymbals.com.br\/web\/wp-content\/uploads\/2015\/09\/mapa_krest_nordeste.jpg\" alt=\"mapa_krest_nordeste\" width=\"250\" height=\"264\" \/><\/a><\/p>\n<\/div><div class=\"col-md-8\">\n<p><strong>BAHIA<\/strong><\/p>\n<ul>\n<li>\n<p class=\"p1\">Joel &#8211; JM Show<br \/>\n(71) 99130-0023<br \/>\n<a href=\"mailto:joelmoncorvo@hotmail.com\">joelmoncorvo@hotmail.com<\/a><\/p>\n<\/li>\n<\/ul>\n<p>&nbsp;<\/p>\n<p><strong>CEAR\u00c1\u00a0<\/strong><\/p>\n<ul>\n<li>Cleber &#8211;\u00a0Al Pro Representa\u00e7\u00f5es<br \/>\n(85) 99112-0658<br \/>\n<a href=\"mailto:cleberalexandre1@hotmail.com\" target=\"_blank\" rel=\"noopener\">cleberalexandre1@hotmail.com<\/a><\/li>\n<\/ul>\n<p>&nbsp;<\/p>\n<p><strong>MARANH\u00c3O E PIAU\u00cd<\/strong><\/p>\n<ul>\n<li>Marinalva Aquino<br \/>\n(86) 99941-4462<br \/>\n<span class=\"il\"><span class=\"il\"><span class=\"il\"><span class=\"il\"><a href=\"mailto:mailto:marinalva_aquino@yahoo.com\" target=\"_blank\" rel=\"noopener\">marinalva_aquino@yahoo.com<\/a><\/span><\/span><\/span><\/span><\/li>\n<\/ul>\n<p>&nbsp;<\/p>\n<p><strong>RIO GRANDE DO NORTE, PARA\u00cdBA\u00a0ALAGOAS, PERNAMBUCO E SERGIPE<\/strong><\/p>\n<ul>\n<li>Andr\u00e9 \u00c2ngelo\u00a0 &#8211; Ilha Representa\u00e7\u00f5es<br \/>\n(81) 99974-3835<\/p>\n<p class=\"p1\"><a href=\"mailto:ilharepresentacoesltda@gmail.com\" target=\"_blank\" rel=\"noopener\">ilharepresentacoesltda@gmail.com<\/a><\/p>\n<\/li>\n<\/ul>\n<\/div><\/div>\n<\/div><\/div><\/div>\n<div class=\"panel panel-default panel-even\"><div class=\"panel-heading\"><a class=\"accordion-toggle collapsed\" data-toggle=\"collapse\" data-parent=\"#accordionname249\" href=\"#collapse2494\"><h5><i class=\"icon-minus kt-icon-minus primary-color\"><\/i><i class=\"icon-plus kt-icon-plus\"><\/i><b>NORTE<\/b><\/h5><\/a><\/div><div id=\"collapse2494\" class=\"panel-collapse collapse \"><div class=\"panel-body postclass\">\n<div class=\"row\"> <div class=\"col-md-4\">\n<p><img loading=\"lazy\" decoding=\"async\" class=\"alignnone size-full wp-image-873\" src=\"http:\/\/krestcymbals.com.br\/web\/wp-content\/uploads\/2015\/09\/mapa_krest_norte.jpg\" alt=\"mapa_krest_norte\" width=\"250\" height=\"264\" \/><\/p>\n<\/div><div class=\"col-md-8\">\n<p><b>PAR\u00c1, AMAP\u00c1,\u00a0<strong>AMAZONAS E RORAIMA<\/strong><\/b><\/p>\n<ul>\n<li>\n<p class=\"p1\">Vilson &#8211; Metro Music Business<br \/>\n(92) 99226-8506<br \/>\n<a href=\"mailto:metronrep@hotmail.com\">metronrep@hotmail.com<\/a><\/p>\n<\/li>\n<\/ul>\n<p>&nbsp;<\/p>\n<p><strong>ACRE E ROND\u00d4NIA<\/strong><\/p>\n<ul>\n<li>\n<p class=\"p1\">James &#8211; Queiroz Representa\u00e7\u00f5es<br \/>\n(68) 99972-9974<br \/>\n<a href=\"mailto:jamesfreitas.14@hotmail.com\">jamesfreitas.14@hotmail.com<\/a><\/p>\n<\/li>\n<\/ul>\n<\/div><\/div>\n<\/div><\/div><\/div><\/div>\n\n\n<div style=\"display: block !important; margin:0 !important; padding: 0 !important\" id=\"wpp_popup_post_end_element\"><\/div><p><\/p>","protected":false},"excerpt":{"rendered":"<p>Localize um\u00a0representante Krest\u00a0na sua regi\u00e3o. ( Somente para lojistas ).<\/p>\n","protected":false},"author":1,"featured_media":0,"parent":0,"menu_order":20,"comment_status":"closed","ping_status":"open","template":"page-feature-sidebar.php","meta":{"footnotes":""},"class_list":["post-254","page","type-page","status-publish","hentry"],"_links":{"self":[{"href":"http:\/\/krestcymbals.com.br\/web\/wp-json\/wp\/v2\/pages\/254","targetHints":{"allow":["GET"]}}],"collection":[{"href":"http:\/\/krestcymbals.com.br\/web\/wp-json\/wp\/v2\/pages"}],"about":[{"href":"http:\/\/krestcymbals.com.br\/web\/wp-json\/wp\/v2\/types\/page"}],"author":[{"embeddable":true,"href":"http:\/\/krestcymbals.com.br\/web\/wp-json\/wp\/v2\/users\/1"}],"replies":[{"embeddable":true,"href":"http:\/\/krestcymbals.com.br\/web\/wp-json\/wp\/v2\/comments?post=254"}],"version-history":[{"count":43,"href":"http:\/\/krestcymbals.com.br\/web\/wp-json\/wp\/v2\/pages\/254\/revisions"}],"predecessor-version":[{"id":1449,"href":"http:\/\/krestcymbals.com.br\/web\/wp-json\/wp\/v2\/pages\/254\/revisions\/1449"}],"wp:attachment":[{"href":"http:\/\/krestcymbals.com.br\/web\/wp-json\/wp\/v2\/media?parent=254"}],"curies":[{"name":"wp","href":"https:\/\/api.w.org\/{rel}","templated":true}]}}