{"id":2,"date":"2014-06-08T00:04:51","date_gmt":"2014-06-08T00:04:51","guid":{"rendered":"http:\/\/krestcymbals.com.br\/teste\/?page_id=2"},"modified":"2019-06-10T16:19:48","modified_gmt":"2019-06-10T16:19:48","slug":"sample-page","status":"publish","type":"page","link":"http:\/\/krestcymbals.com.br\/web\/","title":{"rendered":"Home"},"content":{"rendered":"<h2 style=\"text-align: center;\">A KREST TEM DIVERSOS MODELOS\u00a0COM PROPOSTAS SONORAS\u00a0MUITO CLARAS E DEFINIDAS.<br \/>\n<span style=\"color: #808080;\">Como em um piano, pense no conceito de regi\u00f5es graves, m\u00e9dias e agudas.<\/span><\/h2>\n<p><a href=\"http:\/\/krestcymbals.com.br\/web\/wp-content\/uploads\/2019\/06\/banner_escala_linhas-Krest.jpg\" rel=\"attachment wp-att-1281\"><img loading=\"lazy\" decoding=\"async\" class=\"alignnone wp-image-1401 size-full\" src=\"http:\/\/krestcymbals.com.br\/web\/wp-content\/uploads\/2019\/06\/banner_escala_linhas-Krest.jpg\" alt=\"\" width=\"1184\" height=\"309\" srcset=\"http:\/\/krestcymbals.com.br\/web\/wp-content\/uploads\/2019\/06\/banner_escala_linhas-Krest.jpg 1184w, http:\/\/krestcymbals.com.br\/web\/wp-content\/uploads\/2019\/06\/banner_escala_linhas-Krest-300x78.jpg 300w, http:\/\/krestcymbals.com.br\/web\/wp-content\/uploads\/2019\/06\/banner_escala_linhas-Krest-768x200.jpg 768w, http:\/\/krestcymbals.com.br\/web\/wp-content\/uploads\/2019\/06\/banner_escala_linhas-Krest-1024x267.jpg 1024w\" sizes=\"auto, (max-width: 1184px) 100vw, 1184px\" \/><\/a><\/p>\n<div class=\"space_20 clearfix\"><\/div>\n<h2 style=\"text-align: center;\">CONHE\u00c7A AS LINHAS KREST CYMBALS 2018<\/h2>\n\n<ul class=\"nav nav-tabs sc_tabs kt-tabs kt-sc-tabs kt-tabs-style1\"><li class=\"active\"><a href=\"#sctab98150\">TODAS AS LIGAS<\/a><\/li>\n<li class=\"\"><a href=\"#sctab98151\">BRONZE B10<\/a><\/li>\n<li class=\"\"><a href=\"#sctab98152\">BRONZE B8<\/a><\/li>\n<li class=\"\"><a href=\"#sctab98153\">LAT\u00c3O<\/a><\/li><\/ul> <div class=\"tab-content kt-tab-content postclass\"><div class=\"tab-pane clearfix active\" id=\"sctab98150\">\n<div class=\"row\"> <div class=\"col-md-4\">\n<p><a href=\"http:\/\/krestcymbals.com.br\/web\/deep-cult-series\/\"><img loading=\"lazy\" decoding=\"async\" class=\"alignnone wp-image-1018 size-full\" src=\"http:\/\/krestcymbals.com.br\/web\/wp-content\/uploads\/2014\/06\/deep-cult_icon.jpg\" alt=\"deep-cult_icon\" width=\"360\" height=\"90\" srcset=\"http:\/\/krestcymbals.com.br\/web\/wp-content\/uploads\/2014\/06\/deep-cult_icon.jpg 360w, http:\/\/krestcymbals.com.br\/web\/wp-content\/uploads\/2014\/06\/deep-cult_icon-300x75.jpg 300w\" sizes=\"auto, (max-width: 360px) 100vw, 360px\" \/><\/a><\/p>\n<\/div><div class=\"col-md-4\">\n<p><a href=\"http:\/\/krestcymbals.com.br\/web\/rustic-series\/\"><img loading=\"lazy\" decoding=\"async\" class=\"alignnone wp-image-1017 size-full\" src=\"http:\/\/krestcymbals.com.br\/web\/wp-content\/uploads\/2014\/06\/rustic_icon.jpg\" alt=\"rustic_icon\" width=\"360\" height=\"90\" srcset=\"http:\/\/krestcymbals.com.br\/web\/wp-content\/uploads\/2014\/06\/rustic_icon.jpg 360w, http:\/\/krestcymbals.com.br\/web\/wp-content\/uploads\/2014\/06\/rustic_icon-300x75.jpg 300w\" sizes=\"auto, (max-width: 360px) 100vw, 360px\" \/><\/a><\/p>\n<\/div><div class=\"col-md-4\">\n<p><a href=\"http:\/\/krestcymbals.com.br\/web\/fusion-series\/\"><img loading=\"lazy\" decoding=\"async\" class=\"alignnone wp-image-1013 size-full\" src=\"http:\/\/krestcymbals.com.br\/web\/wp-content\/uploads\/2014\/06\/fusion_icon.jpg\" alt=\"fusion_icon\" width=\"360\" height=\"90\" srcset=\"http:\/\/krestcymbals.com.br\/web\/wp-content\/uploads\/2014\/06\/fusion_icon.jpg 360w, http:\/\/krestcymbals.com.br\/web\/wp-content\/uploads\/2014\/06\/fusion_icon-300x75.jpg 300w\" sizes=\"auto, (max-width: 360px) 100vw, 360px\" \/><\/a><\/p>\n<\/div><\/div>\n<div class=\"row\"> <div class=\"col-md-4\">\n<p><a href=\"http:\/\/krestcymbals.com.br\/web\/brilliant-b10-series\/\"><img loading=\"lazy\" decoding=\"async\" class=\"alignnone wp-image-1011 size-full\" src=\"http:\/\/krestcymbals.com.br\/web\/wp-content\/uploads\/2014\/06\/briliiance_icon.jpg\" alt=\"briliiance_icon\" width=\"360\" height=\"90\" srcset=\"http:\/\/krestcymbals.com.br\/web\/wp-content\/uploads\/2014\/06\/briliiance_icon.jpg 360w, http:\/\/krestcymbals.com.br\/web\/wp-content\/uploads\/2014\/06\/briliiance_icon-300x75.jpg 300w\" sizes=\"auto, (max-width: 360px) 100vw, 360px\" \/><\/a><\/p>\n<\/div><div class=\"col-md-4\">\n<p><a href=\"http:\/\/krestcymbals.com.br\/web\/orbit-series\/\"><img loading=\"lazy\" decoding=\"async\" class=\"alignnone wp-image-1405 size-full\" src=\"http:\/\/krestcymbals.com.br\/web\/wp-content\/uploads\/2019\/06\/banner2_orbit.jpg\" alt=\"\" width=\"360\" height=\"90\" srcset=\"http:\/\/krestcymbals.com.br\/web\/wp-content\/uploads\/2019\/06\/banner2_orbit.jpg 360w, http:\/\/krestcymbals.com.br\/web\/wp-content\/uploads\/2019\/06\/banner2_orbit-300x75.jpg 300w\" sizes=\"auto, (max-width: 360px) 100vw, 360px\" \/><\/a><\/p>\n<\/div><div class=\"col-md-4\">\n<p><a href=\"http:\/\/krestcymbals.com.br\/web\/r-series\/\"><img loading=\"lazy\" decoding=\"async\" class=\"alignnone wp-image-1012 size-full\" src=\"http:\/\/krestcymbals.com.br\/web\/wp-content\/uploads\/2014\/06\/r_icon.jpg\" alt=\"r_icon\" width=\"360\" height=\"90\" srcset=\"http:\/\/krestcymbals.com.br\/web\/wp-content\/uploads\/2014\/06\/r_icon.jpg 360w, http:\/\/krestcymbals.com.br\/web\/wp-content\/uploads\/2014\/06\/r_icon-300x75.jpg 300w\" sizes=\"auto, (max-width: 360px) 100vw, 360px\" \/><\/a><\/p>\n<\/div><\/div>\n<div class=\"row\"> <div class=\"col-md-4\">\n<p><a href=\"http:\/\/krestcymbals.com.br\/web\/tz-series\/\"><img loading=\"lazy\" decoding=\"async\" class=\"alignnone wp-image-1406 size-full\" src=\"http:\/\/krestcymbals.com.br\/web\/wp-content\/uploads\/2019\/06\/banner2_tz.jpg\" alt=\"\" width=\"360\" height=\"90\" srcset=\"http:\/\/krestcymbals.com.br\/web\/wp-content\/uploads\/2019\/06\/banner2_tz.jpg 360w, http:\/\/krestcymbals.com.br\/web\/wp-content\/uploads\/2019\/06\/banner2_tz-300x75.jpg 300w\" sizes=\"auto, (max-width: 360px) 100vw, 360px\" \/><\/a><\/p>\n<\/div><div class=\"col-md-4\">\n<p><a href=\"http:\/\/krestcymbals.com.br\/web\/hx-series\/\"><img loading=\"lazy\" decoding=\"async\" class=\"alignnone wp-image-1008 size-full\" src=\"http:\/\/krestcymbals.com.br\/web\/wp-content\/uploads\/2014\/06\/hx_icon.jpg\" alt=\"hx_icon\" width=\"360\" height=\"90\" srcset=\"http:\/\/krestcymbals.com.br\/web\/wp-content\/uploads\/2014\/06\/hx_icon.jpg 360w, http:\/\/krestcymbals.com.br\/web\/wp-content\/uploads\/2014\/06\/hx_icon-300x75.jpg 300w\" sizes=\"auto, (max-width: 360px) 100vw, 360px\" \/><\/a><\/p>\n<\/div><div class=\"col-md-4\">\n<p><a href=\"http:\/\/krestcymbals.com.br\/web\/aged-brass-series\/\"><img loading=\"lazy\" decoding=\"async\" class=\"alignnone wp-image-1019 size-full\" src=\"http:\/\/krestcymbals.com.br\/web\/wp-content\/uploads\/2014\/06\/aged-brass_icon.jpg\" alt=\"aged-brass_icon\" width=\"360\" height=\"90\" srcset=\"http:\/\/krestcymbals.com.br\/web\/wp-content\/uploads\/2014\/06\/aged-brass_icon.jpg 360w, http:\/\/krestcymbals.com.br\/web\/wp-content\/uploads\/2014\/06\/aged-brass_icon-300x75.jpg 300w\" sizes=\"auto, (max-width: 360px) 100vw, 360px\" \/><\/a><\/p>\n<\/div><\/div>\n<div class=\"row\"> <div class=\"col-md-4\">\n<p><a href=\"http:\/\/krestcymbals.com.br\/web\/eko-by-krest\/\" rel=\"attachment wp-att-1200\"><img loading=\"lazy\" decoding=\"async\" class=\"alignnone wp-image-1200 size-full\" src=\"http:\/\/krestcymbals.com.br\/web\/wp-content\/uploads\/2014\/06\/eko_icon.jpg\" alt=\"eko_icon\" width=\"360\" height=\"90\" srcset=\"http:\/\/krestcymbals.com.br\/web\/wp-content\/uploads\/2014\/06\/eko_icon.jpg 360w, http:\/\/krestcymbals.com.br\/web\/wp-content\/uploads\/2014\/06\/eko_icon-300x75.jpg 300w\" sizes=\"auto, (max-width: 360px) 100vw, 360px\" \/><\/a><\/p>\n<\/div><div class=\"col-md-4\">\n<p><a href=\"http:\/\/krestcymbals.com.br\/web\/b-series\/\"><img loading=\"lazy\" decoding=\"async\" class=\"alignnone wp-image-1009 size-full\" src=\"http:\/\/krestcymbals.com.br\/web\/wp-content\/uploads\/2014\/06\/b_icon.jpg\" alt=\"b_icon\" width=\"360\" height=\"90\" srcset=\"http:\/\/krestcymbals.com.br\/web\/wp-content\/uploads\/2014\/06\/b_icon.jpg 360w, http:\/\/krestcymbals.com.br\/web\/wp-content\/uploads\/2014\/06\/b_icon-300x75.jpg 300w\" sizes=\"auto, (max-width: 360px) 100vw, 360px\" \/><\/a><\/p>\n<\/div><div class=\"col-md-4\">\n<p>..<\/p>\n<\/div><\/div>\n<\/div>\n<div class=\"tab-pane clearfix \" id=\"sctab98151\">\n<div class=\"row\"> <div class=\"col-md-4\">\n<p><a href=\"http:\/\/krestcymbals.com.br\/web\/rustic-series\/\"><img loading=\"lazy\" decoding=\"async\" class=\"alignnone wp-image-1017 size-full\" src=\"http:\/\/krestcymbals.com.br\/web\/wp-content\/uploads\/2014\/06\/rustic_icon.jpg\" alt=\"rustic_icon\" width=\"360\" height=\"90\" srcset=\"http:\/\/krestcymbals.com.br\/web\/wp-content\/uploads\/2014\/06\/rustic_icon.jpg 360w, http:\/\/krestcymbals.com.br\/web\/wp-content\/uploads\/2014\/06\/rustic_icon-300x75.jpg 300w\" sizes=\"auto, (max-width: 360px) 100vw, 360px\" \/><\/a><\/p>\n<\/div><div class=\"col-md-4\">\n<p><a href=\"http:\/\/krestcymbals.com.br\/web\/brilliant-b10-series\/\"><img loading=\"lazy\" decoding=\"async\" class=\"alignnone wp-image-1011 size-full\" src=\"http:\/\/krestcymbals.com.br\/web\/wp-content\/uploads\/2014\/06\/briliiance_icon.jpg\" alt=\"briliiance_icon\" width=\"360\" height=\"90\" srcset=\"http:\/\/krestcymbals.com.br\/web\/wp-content\/uploads\/2014\/06\/briliiance_icon.jpg 360w, http:\/\/krestcymbals.com.br\/web\/wp-content\/uploads\/2014\/06\/briliiance_icon-300x75.jpg 300w\" sizes=\"auto, (max-width: 360px) 100vw, 360px\" \/><\/a><\/p>\n<\/div><div class=\"col-md-4\"><\/div><\/div>\n<\/div>\n<div class=\"tab-pane clearfix \" id=\"sctab98152\">\n<div class=\"row\"> <div class=\"col-md-4\">\n<p><a href=\"http:\/\/krestcymbals.com.br\/web\/deep-cult-series\"><img loading=\"lazy\" decoding=\"async\" class=\"alignnone wp-image-1018 size-full\" src=\"http:\/\/krestcymbals.com.br\/web\/wp-content\/uploads\/2014\/06\/deep-cult_icon.jpg\" alt=\"deep-cult_icon\" width=\"360\" height=\"90\" srcset=\"http:\/\/krestcymbals.com.br\/web\/wp-content\/uploads\/2014\/06\/deep-cult_icon.jpg 360w, http:\/\/krestcymbals.com.br\/web\/wp-content\/uploads\/2014\/06\/deep-cult_icon-300x75.jpg 300w\" sizes=\"auto, (max-width: 360px) 100vw, 360px\" \/><\/a><\/p>\n<\/div><div class=\"col-md-4\">\n<p><a href=\"http:\/\/krestcymbals.com.br\/web\/fusion-series\/\"><img loading=\"lazy\" decoding=\"async\" class=\"alignnone wp-image-1013 size-full\" src=\"http:\/\/krestcymbals.com.br\/web\/wp-content\/uploads\/2014\/06\/fusion_icon.jpg\" alt=\"fusion_icon\" width=\"360\" height=\"90\" srcset=\"http:\/\/krestcymbals.com.br\/web\/wp-content\/uploads\/2014\/06\/fusion_icon.jpg 360w, http:\/\/krestcymbals.com.br\/web\/wp-content\/uploads\/2014\/06\/fusion_icon-300x75.jpg 300w\" sizes=\"auto, (max-width: 360px) 100vw, 360px\" \/><\/a><\/p>\n<\/div><div class=\"col-md-4\">\n<p><a href=\"http:\/\/krestcymbals.com.br\/web\/orbit-series\/\"><img loading=\"lazy\" decoding=\"async\" class=\"alignnone wp-image-1405 size-full\" src=\"http:\/\/krestcymbals.com.br\/web\/wp-content\/uploads\/2019\/06\/banner2_orbit.jpg\" alt=\"\" width=\"360\" height=\"90\" srcset=\"http:\/\/krestcymbals.com.br\/web\/wp-content\/uploads\/2019\/06\/banner2_orbit.jpg 360w, http:\/\/krestcymbals.com.br\/web\/wp-content\/uploads\/2019\/06\/banner2_orbit-300x75.jpg 300w\" sizes=\"auto, (max-width: 360px) 100vw, 360px\" \/><\/a><\/p>\n<\/div><\/div>\n<div class=\"row\"> <div class=\"col-md-4\">\n<p><a href=\"http:\/\/krestcymbals.com.br\/web\/r-series\/\"><img loading=\"lazy\" decoding=\"async\" class=\"alignnone wp-image-1012 size-full\" src=\"http:\/\/krestcymbals.com.br\/web\/wp-content\/uploads\/2014\/06\/r_icon.jpg\" alt=\"r_icon\" width=\"360\" height=\"90\" srcset=\"http:\/\/krestcymbals.com.br\/web\/wp-content\/uploads\/2014\/06\/r_icon.jpg 360w, http:\/\/krestcymbals.com.br\/web\/wp-content\/uploads\/2014\/06\/r_icon-300x75.jpg 300w\" sizes=\"auto, (max-width: 360px) 100vw, 360px\" \/><\/a><\/p>\n<\/div><div class=\"col-md-4\">\n<p><a href=\"http:\/\/krestcymbals.com.br\/web\/tz-series\/\"><img loading=\"lazy\" decoding=\"async\" class=\"alignnone wp-image-1406 size-full\" src=\"http:\/\/krestcymbals.com.br\/web\/wp-content\/uploads\/2019\/06\/banner2_tz.jpg\" alt=\"\" width=\"360\" height=\"90\" srcset=\"http:\/\/krestcymbals.com.br\/web\/wp-content\/uploads\/2019\/06\/banner2_tz.jpg 360w, http:\/\/krestcymbals.com.br\/web\/wp-content\/uploads\/2019\/06\/banner2_tz-300x75.jpg 300w\" sizes=\"auto, (max-width: 360px) 100vw, 360px\" \/><\/a><\/p>\n<\/div><div class=\"col-md-4\">\n<p><a href=\"http:\/\/krestcymbals.com.br\/web\/hx-series\/\"><img loading=\"lazy\" decoding=\"async\" class=\"alignnone wp-image-1008 size-full\" src=\"http:\/\/krestcymbals.com.br\/web\/wp-content\/uploads\/2014\/06\/hx_icon.jpg\" alt=\"hx_icon\" width=\"360\" height=\"90\" srcset=\"http:\/\/krestcymbals.com.br\/web\/wp-content\/uploads\/2014\/06\/hx_icon.jpg 360w, http:\/\/krestcymbals.com.br\/web\/wp-content\/uploads\/2014\/06\/hx_icon-300x75.jpg 300w\" sizes=\"auto, (max-width: 360px) 100vw, 360px\" \/><\/a><\/p>\n<\/div>\n<div class=\"row\"><\/div> <div class=\"col-md-4\">\n<p><a href=\"http:\/\/krestcymbals.com.br\/web\/b-series\/\"><img loading=\"lazy\" decoding=\"async\" class=\"alignnone wp-image-1009 size-full\" src=\"http:\/\/krestcymbals.com.br\/web\/wp-content\/uploads\/2014\/06\/b_icon.jpg\" alt=\"b_icon\" width=\"360\" height=\"90\" srcset=\"http:\/\/krestcymbals.com.br\/web\/wp-content\/uploads\/2014\/06\/b_icon.jpg 360w, http:\/\/krestcymbals.com.br\/web\/wp-content\/uploads\/2014\/06\/b_icon-300x75.jpg 300w\" sizes=\"auto, (max-width: 360px) 100vw, 360px\" \/><\/a><\/p>\n<\/div><div class=\"col-md-4\">\n<p>.<\/p>\n<\/div><div class=\"col-md-4\">\n<p>.<\/p>\n<\/div><\/div>\n<\/div>\n<div class=\"tab-pane clearfix \" id=\"sctab98153\">\n<div class=\"row\"><\/div> <div class=\"col-md-4\">\n<p><a href=\"http:\/\/krestcymbals.com.br\/web\/aged-brass-series\/\"><img loading=\"lazy\" decoding=\"async\" class=\"alignnone wp-image-1019 size-full\" src=\"http:\/\/krestcymbals.com.br\/web\/wp-content\/uploads\/2014\/06\/aged-brass_icon.jpg\" alt=\"aged-brass_icon\" width=\"360\" height=\"90\" srcset=\"http:\/\/krestcymbals.com.br\/web\/wp-content\/uploads\/2014\/06\/aged-brass_icon.jpg 360w, http:\/\/krestcymbals.com.br\/web\/wp-content\/uploads\/2014\/06\/aged-brass_icon-300x75.jpg 300w\" sizes=\"auto, (max-width: 360px) 100vw, 360px\" \/><\/a><\/p>\n<\/div><div class=\"col-md-4\">\n<p><a href=\"http:\/\/krestcymbals.com.br\/web\/l-series\/\" rel=\"attachment wp-att-1200\"><img loading=\"lazy\" decoding=\"async\" class=\"alignnone wp-image-1200 size-full\" src=\"http:\/\/krestcymbals.com.br\/web\/wp-content\/uploads\/2014\/06\/eko_icon.jpg\" alt=\"eko_icon\" width=\"360\" height=\"90\" srcset=\"http:\/\/krestcymbals.com.br\/web\/wp-content\/uploads\/2014\/06\/eko_icon.jpg 360w, http:\/\/krestcymbals.com.br\/web\/wp-content\/uploads\/2014\/06\/eko_icon-300x75.jpg 300w\" sizes=\"auto, (max-width: 360px) 100vw, 360px\" \/><\/a><\/p>\n<\/div><div class=\"col-md-4\">\n<p><a href=\"http:\/\/krestcymbals.com.br\/web\/b-series\/\"><img loading=\"lazy\" decoding=\"async\" class=\"alignnone wp-image-1009 size-full\" src=\"http:\/\/krestcymbals.com.br\/web\/wp-content\/uploads\/2014\/06\/b_icon.jpg\" alt=\"b_icon\" width=\"360\" height=\"90\" srcset=\"http:\/\/krestcymbals.com.br\/web\/wp-content\/uploads\/2014\/06\/b_icon.jpg 360w, http:\/\/krestcymbals.com.br\/web\/wp-content\/uploads\/2014\/06\/b_icon-300x75.jpg 300w\" sizes=\"auto, (max-width: 360px) 100vw, 360px\" \/><\/a><\/p>\n<\/div>\n<\/div><\/div>\n\n<div class=\"space_20 clearfix\"><\/div>\n<h2 style=\"text-align: center;\">V\u00cdDEOS EM DESTAQUE DO KREST TEAM<\/h2>\n<p style=\"text-align: center;\">\r\n\t<div class=\"slideshow_container slideshow_container_style-light\" style=\"height: 360px; \" data-slideshow-id=\"1048\" data-style-name=\"style-light\" data-style-version=\"2.3.1\" >\r\n\r\n\t\t\t\t\t<div class=\"slideshow_loading_icon\"><\/div>\r\n\t\t\r\n\t\t<div class=\"slideshow_content\" style=\"display: none;\">\r\n\r\n\t\t\t<div class=\"slideshow_view\">\r\n\t<div class=\"slideshow_slide slideshow_slide_video\">\r\n\t\t<div class=\"slideshow_slide_video_id\" style=\"display: none;\" data-show-related-videos=\"0\">PMOZ_kIBMss<\/div>\r\n\t<\/div>\r\n\r\n\t<div class=\"slideshow_slide slideshow_slide_video\">\r\n\t\t<div class=\"slideshow_slide_video_id\" style=\"display: none;\" data-show-related-videos=\"0\">CXCghjuNCsg<\/div>\r\n\t<\/div>\r\n<div style=\"clear: both;\"><\/div><\/div><div class=\"slideshow_view\">\r\n\t<div class=\"slideshow_slide slideshow_slide_video\">\r\n\t\t<div class=\"slideshow_slide_video_id\" style=\"display: none;\" data-show-related-videos=\"0\">10NcZmEwoZU<\/div>\r\n\t<\/div>\r\n\r\n\t<div class=\"slideshow_slide slideshow_slide_video\">\r\n\t\t<div class=\"slideshow_slide_video_id\" style=\"display: none;\" data-show-related-videos=\"0\">HN7Ylo54KJs<\/div>\r\n\t<\/div>\r\n<div style=\"clear: both;\"><\/div><\/div><div class=\"slideshow_view\">\r\n\t<div class=\"slideshow_slide slideshow_slide_video\">\r\n\t\t<div class=\"slideshow_slide_video_id\" style=\"display: none;\" data-show-related-videos=\"0\">7QqCVpImseg<\/div>\r\n\t<\/div>\r\n\r\n\t<div class=\"slideshow_slide slideshow_slide_video\">\r\n\t\t<div class=\"slideshow_slide_video_id\" style=\"display: none;\" data-show-related-videos=\"0\">YvnQhGW1NuM<\/div>\r\n\t<\/div>\r\n<div style=\"clear: both;\"><\/div><\/div><div class=\"slideshow_view\">\r\n\t<div class=\"slideshow_slide slideshow_slide_video\">\r\n\t\t<div class=\"slideshow_slide_video_id\" style=\"display: none;\" data-show-related-videos=\"0\">XQX7R2O4aMo<\/div>\r\n\t<\/div>\r\n\r\n\t<div class=\"slideshow_slide slideshow_slide_video\">\r\n\t\t<div class=\"slideshow_slide_video_id\" style=\"display: none;\" data-show-related-videos=\"0\">_beCjf4HNSs<\/div>\r\n\t<\/div>\r\n<div style=\"clear: both;\"><\/div><\/div><div class=\"slideshow_view\">\r\n\t<div class=\"slideshow_slide slideshow_slide_video\">\r\n\t\t<div class=\"slideshow_slide_video_id\" style=\"display: none;\" data-show-related-videos=\"0\">34BAh8o0iJY<\/div>\r\n\t<\/div>\r\n\r\n\t<div class=\"slideshow_slide slideshow_slide_video\">\r\n\t\t<div class=\"slideshow_slide_video_id\" style=\"display: none;\" data-show-related-videos=\"0\">JhMrIjLowo0<\/div>\r\n\t<\/div>\r\n<div style=\"clear: both;\"><\/div><\/div><div class=\"slideshow_view\">\r\n\t<div class=\"slideshow_slide slideshow_slide_video\">\r\n\t\t<div class=\"slideshow_slide_video_id\" style=\"display: none;\" data-show-related-videos=\"0\">YQ5JxM2n7tI<\/div>\r\n\t<\/div>\r\n\r\n\t<div class=\"slideshow_slide slideshow_slide_video\">\r\n\t\t<div class=\"slideshow_slide_video_id\" style=\"display: none;\" data-show-related-videos=\"0\">rabqUgAfWVY<\/div>\r\n\t<\/div>\r\n<div style=\"clear: both;\"><\/div><\/div><div class=\"slideshow_view\">\r\n\t<div class=\"slideshow_slide slideshow_slide_video\">\r\n\t\t<div class=\"slideshow_slide_video_id\" style=\"display: none;\" data-show-related-videos=\"0\">PnOnPtHG5Bo<\/div>\r\n\t<\/div>\r\n\r\n\t<div class=\"slideshow_slide slideshow_slide_video\">\r\n\t\t<div class=\"slideshow_slide_video_id\" style=\"display: none;\" data-show-related-videos=\"0\">99D65Uopl1U<\/div>\r\n\t<\/div>\r\n<div style=\"clear: both;\"><\/div><\/div>\r\n\t\t<\/div>\r\n\r\n\t\t<div class=\"slideshow_controlPanel slideshow_transparent\" style=\"display: none;\"><ul><li class=\"slideshow_togglePlay\" data-play-text=\"Acionar\" data-pause-text=\"Pausar\"><\/li><\/ul><\/div>\r\n\r\n\t\t<div class=\"slideshow_button slideshow_previous slideshow_transparent\" role=\"button\" data-previous-text=\"Anterior\" style=\"display: none;\"><\/div>\r\n\t\t<div class=\"slideshow_button slideshow_next slideshow_transparent\" role=\"button\" data-next-text=\"Pr\u00f3ximo\" style=\"display: none;\"><\/div>\r\n\r\n\t\t<div class=\"slideshow_pagination\" style=\"display: none;\" data-go-to-text=\"Ir para o slide\"><div class=\"slideshow_pagination_center\"><\/div><\/div>\r\n\r\n\t\t<!-- WordPress Slideshow Version 2.3.1 -->\r\n\r\n\t\t\t<\/div>\r\n\r\n\n<div class=\"space_20 clearfix\"><\/div>\n<p>&nbsp;<\/p>\n<h2 style=\"text-align: center;\">AGORA EM NOSSAS\u00a0M\u00cdDIAS SOCIAIS<\/h2>\n<div class=\"row\"><\/div> <div class=\"col-md-6\">\n[instagram-feed]\n<\/div><div class=\"col-md-6\"><\/div>\n<p><a class=\"twitter-timeline\" href=\"https:\/\/twitter.com\/Krestcymbals\" data-widget-id=\"393133208973213696\">Tweets de @Krestcymbals<\/a><br \/>\n<script>!function(d,s,id){var js,fjs=d.getElementsByTagName(s)[0],p=\/^http:\/.test(d.location)?'http':'https';if(!d.getElementById(id)){js=d.createElement(s);js.id=id;js.src=p+\":\/\/platform.twitter.com\/widgets.js\";fjs.parentNode.insertBefore(js,fjs);}}(document,\"script\",\"twitter-wjs\");<\/script><\/p>\n\n<div style=\"display: block !important; margin:0 !important; padding: 0 !important\" id=\"wpp_popup_post_end_element\"><\/div><p><\/p>","protected":false},"excerpt":{"rendered":"<p>A KREST TEM DIVERSOS MODELOS\u00a0COM PROPOSTAS SONORAS\u00a0MUITO CLARAS E DEFINIDAS. Como em um piano, pense no conceito de regi\u00f5es graves, m\u00e9dias e agudas. CONHE\u00c7A AS LINHAS KREST CYMBALS 2018 V\u00cdDEOS EM DESTAQUE DO KREST TEAM &nbsp; AGORA EM NOSSAS\u00a0M\u00cdDIAS SOCIAIS &hellip; <a href=\"http:\/\/krestcymbals.com.br\/web\/\">Conte\u00fado<\/a><\/p>\n","protected":false},"author":1,"featured_media":0,"parent":0,"menu_order":13,"comment_status":"closed","ping_status":"closed","template":"","meta":{"footnotes":""},"class_list":["post-2","page","type-page","status-publish","hentry"],"_links":{"self":[{"href":"http:\/\/krestcymbals.com.br\/web\/wp-json\/wp\/v2\/pages\/2","targetHints":{"allow":["GET"]}}],"collection":[{"href":"http:\/\/krestcymbals.com.br\/web\/wp-json\/wp\/v2\/pages"}],"about":[{"href":"http:\/\/krestcymbals.com.br\/web\/wp-json\/wp\/v2\/types\/page"}],"author":[{"embeddable":true,"href":"http:\/\/krestcymbals.com.br\/web\/wp-json\/wp\/v2\/users\/1"}],"replies":[{"embeddable":true,"href":"http:\/\/krestcymbals.com.br\/web\/wp-json\/wp\/v2\/comments?post=2"}],"version-history":[{"count":113,"href":"http:\/\/krestcymbals.com.br\/web\/wp-json\/wp\/v2\/pages\/2\/revisions"}],"predecessor-version":[{"id":1410,"href":"http:\/\/krestcymbals.com.br\/web\/wp-json\/wp\/v2\/pages\/2\/revisions\/1410"}],"wp:attachment":[{"href":"http:\/\/krestcymbals.com.br\/web\/wp-json\/wp\/v2\/media?parent=2"}],"curies":[{"name":"wp","href":"https:\/\/api.w.org\/{rel}","templated":true}]}}