{"id":1380,"date":"2019-06-10T15:00:29","date_gmt":"2019-06-10T15:00:29","guid":{"rendered":"http:\/\/krestcymbals.com.br\/web\/?page_id=1380"},"modified":"2019-06-11T22:15:43","modified_gmt":"2019-06-11T22:15:43","slug":"orbit-series","status":"publish","type":"page","link":"http:\/\/krestcymbals.com.br\/web\/orbit-series\/","title":{"rendered":"Orbit series"},"content":{"rendered":"<h2>LINHA COM TIMBRE M\u00c9DIO AGUDO COM VISUAL \u00daNICO<\/h2>\n<p>Orbit \u00e9 a nova linha profissional da Krest Cymbals, com caracter\u00edsticas sonoras medio agudas, al\u00e9m de processo especial de usinagem. Possui um acabamento diferenciado com muita personalidade em bronze profundo ( parcial na parte superior do prato e total no verso ).<br \/>\nE o melhor, a linha Orbit possui um pre\u00e7o muito de acordo com nossa realidade. Um prato vers\u00e1til, com excelente timbre, decay m\u00e9dio, visual \u00daNICO e excelente pre\u00e7o!<\/p>\n<div class=\"space_20 clearfix\"><\/div>\n\n<ul class=\"nav nav-tabs sc_tabs kt-tabs kt-sc-tabs kt-tabs-style1\"><li class=\"active\"><a href=\"#sctab85720\"><strong>MODELOS AVULSOS<\/strong><\/a><\/li>\n<li class=\"\"><a href=\"#sctab85721\"><strong>SETS<\/strong><\/a><\/li><\/ul> <div class=\"tab-content kt-tab-content postclass\"><div class=\"tab-pane clearfix active\" id=\"sctab85720\">\n<div class=\"space_20 clearfix\"><\/div>\n<div class=\"row\"> <div class=\"col-md-4\">\n<p><strong>RIDE<\/strong><br \/>\n<a href=\"http:\/\/krestcymbals.com.br\/web\/wp-content\/uploads\/2019\/06\/Orbit_Ride_Krest-Cymbals.jpg\"><img loading=\"lazy\" decoding=\"async\" class=\"alignnone wp-image-1384 size-thumbnail\" src=\"http:\/\/krestcymbals.com.br\/web\/wp-content\/uploads\/2019\/06\/Orbit_Ride_Krest-Cymbals-150x150.jpg\" alt=\"\" width=\"150\" height=\"150\" srcset=\"http:\/\/krestcymbals.com.br\/web\/wp-content\/uploads\/2019\/06\/Orbit_Ride_Krest-Cymbals-150x150.jpg 150w, http:\/\/krestcymbals.com.br\/web\/wp-content\/uploads\/2019\/06\/Orbit_Ride_Krest-Cymbals-300x300.jpg 300w, http:\/\/krestcymbals.com.br\/web\/wp-content\/uploads\/2019\/06\/Orbit_Ride_Krest-Cymbals-768x768.jpg 768w, http:\/\/krestcymbals.com.br\/web\/wp-content\/uploads\/2019\/06\/Orbit_Ride_Krest-Cymbals.jpg 800w\" sizes=\"auto, (max-width: 150px) 100vw, 150px\" \/><\/a>20&#8243;<\/p>\n<\/div><div class=\"col-md-4\">\n<p><b>CRASH<br \/>\n<\/b><strong><a href=\"http:\/\/krestcymbals.com.br\/web\/wp-content\/uploads\/2019\/06\/Orbit_Crash_Krest-Cymbals.jpg\"><img loading=\"lazy\" decoding=\"async\" class=\"alignnone wp-image-1386 size-thumbnail\" src=\"http:\/\/krestcymbals.com.br\/web\/wp-content\/uploads\/2019\/06\/Orbit_Crash_Krest-Cymbals-150x150.jpg\" alt=\"\" width=\"150\" height=\"150\" srcset=\"http:\/\/krestcymbals.com.br\/web\/wp-content\/uploads\/2019\/06\/Orbit_Crash_Krest-Cymbals-150x150.jpg 150w, http:\/\/krestcymbals.com.br\/web\/wp-content\/uploads\/2019\/06\/Orbit_Crash_Krest-Cymbals-300x300.jpg 300w, http:\/\/krestcymbals.com.br\/web\/wp-content\/uploads\/2019\/06\/Orbit_Crash_Krest-Cymbals-768x768.jpg 768w, http:\/\/krestcymbals.com.br\/web\/wp-content\/uploads\/2019\/06\/Orbit_Crash_Krest-Cymbals.jpg 800w\" sizes=\"auto, (max-width: 150px) 100vw, 150px\" \/><\/a><\/strong>\u00a016&#8243; 18&#8243;<\/p>\n<\/div><div class=\"col-md-4\">\n<p><strong>HI-HAT<\/strong><br \/>\n<a href=\"http:\/\/krestcymbals.com.br\/web\/wp-content\/uploads\/2019\/06\/Orbit_hi-hat_Krest-Cymbals.jpg\"><img loading=\"lazy\" decoding=\"async\" class=\"alignnone wp-image-1387 size-thumbnail\" src=\"http:\/\/krestcymbals.com.br\/web\/wp-content\/uploads\/2019\/06\/Orbit_hi-hat_Krest-Cymbals-150x150.jpg\" alt=\"\" width=\"150\" height=\"150\" srcset=\"http:\/\/krestcymbals.com.br\/web\/wp-content\/uploads\/2019\/06\/Orbit_hi-hat_Krest-Cymbals-150x150.jpg 150w, http:\/\/krestcymbals.com.br\/web\/wp-content\/uploads\/2019\/06\/Orbit_hi-hat_Krest-Cymbals-300x300.jpg 300w, http:\/\/krestcymbals.com.br\/web\/wp-content\/uploads\/2019\/06\/Orbit_hi-hat_Krest-Cymbals-768x768.jpg 768w, http:\/\/krestcymbals.com.br\/web\/wp-content\/uploads\/2019\/06\/Orbit_hi-hat_Krest-Cymbals.jpg 800w\" sizes=\"auto, (max-width: 150px) 100vw, 150px\" \/><\/a>\u00a014&#8243;<\/p>\n<\/div><\/div>\n<div class=\"hrule clearfix\"><\/div>\n<div class=\"row\"> <div class=\"col-md-4\">\n<p><strong>SPLASH<\/strong><br \/>\n<a href=\"http:\/\/krestcymbals.com.br\/web\/wp-content\/uploads\/2019\/06\/Orbit_Splash_Krest-Cymbals.jpg\"><img loading=\"lazy\" decoding=\"async\" class=\"alignnone wp-image-1385 size-thumbnail\" src=\"http:\/\/krestcymbals.com.br\/web\/wp-content\/uploads\/2019\/06\/Orbit_Splash_Krest-Cymbals-150x150.jpg\" alt=\"\" width=\"150\" height=\"150\" srcset=\"http:\/\/krestcymbals.com.br\/web\/wp-content\/uploads\/2019\/06\/Orbit_Splash_Krest-Cymbals-150x150.jpg 150w, http:\/\/krestcymbals.com.br\/web\/wp-content\/uploads\/2019\/06\/Orbit_Splash_Krest-Cymbals-300x300.jpg 300w, http:\/\/krestcymbals.com.br\/web\/wp-content\/uploads\/2019\/06\/Orbit_Splash_Krest-Cymbals-768x768.jpg 768w, http:\/\/krestcymbals.com.br\/web\/wp-content\/uploads\/2019\/06\/Orbit_Splash_Krest-Cymbals.jpg 800w\" sizes=\"auto, (max-width: 150px) 100vw, 150px\" \/><\/a>10&#8243;<\/p>\n<\/div><div class=\"col-md-4\">\n<p><b>CHINA<br \/>\n<\/b><a href=\"http:\/\/krestcymbals.com.br\/web\/wp-content\/uploads\/2019\/06\/Orbit_China_Krest-Cymbals.jpg\"><img loading=\"lazy\" decoding=\"async\" class=\"alignnone wp-image-1383 size-thumbnail\" src=\"http:\/\/krestcymbals.com.br\/web\/wp-content\/uploads\/2019\/06\/Orbit_China_Krest-Cymbals-150x150.jpg\" alt=\"\" width=\"150\" height=\"150\" srcset=\"http:\/\/krestcymbals.com.br\/web\/wp-content\/uploads\/2019\/06\/Orbit_China_Krest-Cymbals-150x150.jpg 150w, http:\/\/krestcymbals.com.br\/web\/wp-content\/uploads\/2019\/06\/Orbit_China_Krest-Cymbals-300x300.jpg 300w, http:\/\/krestcymbals.com.br\/web\/wp-content\/uploads\/2019\/06\/Orbit_China_Krest-Cymbals-768x768.jpg 768w, http:\/\/krestcymbals.com.br\/web\/wp-content\/uploads\/2019\/06\/Orbit_China_Krest-Cymbals.jpg 800w\" sizes=\"auto, (max-width: 150px) 100vw, 150px\" \/><\/a>\u00a018&#8243;<br \/>\n<\/div>\n<div class=\"col-md-4\"><\/div>\n<\/div>\n<\/div>\n<div class=\"tab-pane clearfix \" id=\"sctab85721\">\n<div class=\"space_20 clearfix\"><\/div>\n<div class=\"row\"><\/div> <div class=\"col-md-4\">\n<p><strong>OSET1<\/strong><br \/>\n<a href=\"http:\/\/krestcymbals.com.br\/web\/wp-content\/uploads\/2019\/06\/Orbit_SET_Krest-Cymbals.jpg\"><img loading=\"lazy\" decoding=\"async\" class=\"alignnone wp-image-1382 size-thumbnail\" src=\"http:\/\/krestcymbals.com.br\/web\/wp-content\/uploads\/2019\/06\/Orbit_SET_Krest-Cymbals-150x150.jpg\" alt=\"\" width=\"150\" height=\"150\" srcset=\"http:\/\/krestcymbals.com.br\/web\/wp-content\/uploads\/2019\/06\/Orbit_SET_Krest-Cymbals-150x150.jpg 150w, http:\/\/krestcymbals.com.br\/web\/wp-content\/uploads\/2019\/06\/Orbit_SET_Krest-Cymbals-300x300.jpg 300w, http:\/\/krestcymbals.com.br\/web\/wp-content\/uploads\/2019\/06\/Orbit_SET_Krest-Cymbals-768x768.jpg 768w, http:\/\/krestcymbals.com.br\/web\/wp-content\/uploads\/2019\/06\/Orbit_SET_Krest-Cymbals.jpg 1000w\" sizes=\"auto, (max-width: 150px) 100vw, 150px\" \/><\/a>14&#8243; 16&#8243; 20&#8243; \u00a0+ Bag<\/p>\n<\/div><\/div><\/div>\n\n<div class=\"space_40 clearfix\"><\/div>\n<a href=\"http:\/\/krestcymbals.com.br\/web\/produtos\/\" class=\"btn button btn-shortcode kad-btn kad-btn-primary\" id=\"kadbtn868\" target=\"_self\" style=\"background-color:#FF0000;color:#FFF;\">&lt;&lt;Voltar<\/a>\n<div class=\"space_40 clearfix\"><\/div>\n<div class=\"hrule clearfix\"><\/div>\n<h3><strong>V\u00cdDEOS<\/strong><\/h3>\n<h4><iframe loading=\"lazy\" src=\"https:\/\/www.youtube.com\/embed\/_f0NCfuatOc\" width=\"100%\" height=\"420\" frameborder=\"0\" allowfullscreen=\"allowfullscreen\"><\/iframe><\/h4>\n<p>&nbsp;<\/p>\n<h4 style=\"text-align: left;\"><div class=\"space_20 clearfix\"><\/div>\nDICA:\u00a0SAIBA ESCOLHER O TIPO DE CRASH IDEAL PARA SEU SOM.<\/h4>\n<p><img loading=\"lazy\" decoding=\"async\" class=\"alignnone wp-image-239 size-full\" src=\"http:\/\/krestcymbals.com.br\/web\/wp-content\/uploads\/2015\/08\/COMPARATIVO_CRASHES_KREST2.jpg\" alt=\"COMPARATIVO_CRASHES_KREST\" width=\"850\" height=\"240\" \/><\/p>\n<div class=\"space_20 clearfix\"><\/div>\n<h3><\/h3>\n\n<div style=\"display: block !important; margin:0 !important; padding: 0 !important\" id=\"wpp_popup_post_end_element\"><\/div><p><\/p>","protected":false},"excerpt":{"rendered":"<p>LINHA COM TIMBRE M\u00c9DIO AGUDO COM VISUAL \u00daNICO Orbit \u00e9 a nova linha profissional da Krest Cymbals, com caracter\u00edsticas sonoras medio agudas, al\u00e9m de processo especial de usinagem. Possui um acabamento diferenciado com muita personalidade em bronze profundo ( parcial &hellip; <a href=\"http:\/\/krestcymbals.com.br\/web\/orbit-series\/\">Conte\u00fado<\/a><\/p>\n","protected":false},"author":1,"featured_media":1412,"parent":0,"menu_order":0,"comment_status":"closed","ping_status":"closed","template":"page-feature-sidebar.php","meta":{"footnotes":""},"class_list":["post-1380","page","type-page","status-publish","has-post-thumbnail","hentry"],"_links":{"self":[{"href":"http:\/\/krestcymbals.com.br\/web\/wp-json\/wp\/v2\/pages\/1380","targetHints":{"allow":["GET"]}}],"collection":[{"href":"http:\/\/krestcymbals.com.br\/web\/wp-json\/wp\/v2\/pages"}],"about":[{"href":"http:\/\/krestcymbals.com.br\/web\/wp-json\/wp\/v2\/types\/page"}],"author":[{"embeddable":true,"href":"http:\/\/krestcymbals.com.br\/web\/wp-json\/wp\/v2\/users\/1"}],"replies":[{"embeddable":true,"href":"http:\/\/krestcymbals.com.br\/web\/wp-json\/wp\/v2\/comments?post=1380"}],"version-history":[{"count":11,"href":"http:\/\/krestcymbals.com.br\/web\/wp-json\/wp\/v2\/pages\/1380\/revisions"}],"predecessor-version":[{"id":1422,"href":"http:\/\/krestcymbals.com.br\/web\/wp-json\/wp\/v2\/pages\/1380\/revisions\/1422"}],"wp:featuredmedia":[{"embeddable":true,"href":"http:\/\/krestcymbals.com.br\/web\/wp-json\/wp\/v2\/media\/1412"}],"wp:attachment":[{"href":"http:\/\/krestcymbals.com.br\/web\/wp-json\/wp\/v2\/media?parent=1380"}],"curies":[{"name":"wp","href":"https:\/\/api.w.org\/{rel}","templated":true}]}}