{"id":1291,"date":"2018-01-15T15:49:37","date_gmt":"2018-01-15T15:49:37","guid":{"rendered":"http:\/\/krestcymbals.com.br\/web\/?page_id=1291"},"modified":"2019-03-15T18:30:49","modified_gmt":"2019-03-15T18:30:49","slug":"tz-series","status":"publish","type":"page","link":"http:\/\/krestcymbals.com.br\/web\/tz-series\/","title":{"rendered":"TZ Series"},"content":{"rendered":"<h2>LINHA EM BRONZE B8, COM USINAGEM ESPECIAL PARA CONTROLE DE HARM\u00d4NICOS .<\/h2>\n<p>A linha TZ foi desenvolvida para oferecer realmente o melhor custo-benef\u00edcio em pratos de fabricados em bronze. Excelente sonoridade ( processo especial de usinagem para equil\u00edbrio de frequ\u00eancias ), pro um pre\u00e7o realmente acess\u00edvel. Toque, ou\u00e7a e comprove!<\/p>\n<div class=\"space_20 clearfix\"><\/div>\n\n<ul class=\"nav nav-tabs sc_tabs kt-tabs kt-sc-tabs kt-tabs-style1\"><li class=\"active\"><a href=\"#sctab91760\"><strong>MODELOS AVULSOS<\/strong><\/a><\/li>\n<li class=\"\"><a href=\"#sctab91761\"><strong>SETS<\/strong><\/a><\/li><\/ul> <div class=\"tab-content kt-tab-content postclass\"><div class=\"tab-pane clearfix active\" id=\"sctab91760\">\n<div class=\"space_20 clearfix\"><\/div>\n<div class=\"row\"> <div class=\"col-md-4\">\n<p><strong>RIDE<\/strong><img loading=\"lazy\" decoding=\"async\" class=\"alignnone wp-image-1306 size-thumbnail\" src=\"http:\/\/krestcymbals.com.br\/web\/wp-content\/uploads\/2018\/01\/krest_ride_TZ-150x150.jpg\" alt=\"\" width=\"150\" height=\"150\" srcset=\"http:\/\/krestcymbals.com.br\/web\/wp-content\/uploads\/2018\/01\/krest_ride_TZ-150x150.jpg 150w, http:\/\/krestcymbals.com.br\/web\/wp-content\/uploads\/2018\/01\/krest_ride_TZ-300x300.jpg 300w, http:\/\/krestcymbals.com.br\/web\/wp-content\/uploads\/2018\/01\/krest_ride_TZ.jpg 750w\" sizes=\"auto, (max-width: 150px) 100vw, 150px\" \/>20&#8243;<\/p>\n<\/div><div class=\"col-md-4\">\n<p><b>CRASH<\/b>\u00a0<img loading=\"lazy\" decoding=\"async\" class=\"alignnone wp-image-1307 size-thumbnail\" src=\"http:\/\/krestcymbals.com.br\/web\/wp-content\/uploads\/2018\/01\/krest_crash_TZ-150x150.jpg\" alt=\"\" width=\"150\" height=\"150\" srcset=\"http:\/\/krestcymbals.com.br\/web\/wp-content\/uploads\/2018\/01\/krest_crash_TZ-150x150.jpg 150w, http:\/\/krestcymbals.com.br\/web\/wp-content\/uploads\/2018\/01\/krest_crash_TZ-300x300.jpg 300w, http:\/\/krestcymbals.com.br\/web\/wp-content\/uploads\/2018\/01\/krest_crash_TZ.jpg 750w\" sizes=\"auto, (max-width: 150px) 100vw, 150px\" \/>16&#8243; 18&#8243;<\/p>\n<\/div><div class=\"col-md-4\">\n<p><b>SPLASH<img loading=\"lazy\" decoding=\"async\" class=\"alignnone wp-image-1310 size-thumbnail\" src=\"http:\/\/krestcymbals.com.br\/web\/wp-content\/uploads\/2018\/01\/krest_SPLASH_TZ-150x150.jpg\" alt=\"\" width=\"150\" height=\"150\" srcset=\"http:\/\/krestcymbals.com.br\/web\/wp-content\/uploads\/2018\/01\/krest_SPLASH_TZ-150x150.jpg 150w, http:\/\/krestcymbals.com.br\/web\/wp-content\/uploads\/2018\/01\/krest_SPLASH_TZ-300x300.jpg 300w, http:\/\/krestcymbals.com.br\/web\/wp-content\/uploads\/2018\/01\/krest_SPLASH_TZ.jpg 750w\" sizes=\"auto, (max-width: 150px) 100vw, 150px\" \/><br \/>\n<\/b>8&#8243;, 10&#8243;,12&#8243;<\/p>\n<\/div><\/div>\n<div class=\"hrule clearfix\"><\/div>\n<div class=\"row\"> <div class=\"col-md-4\">\n<p><strong>HI-HAT<\/strong><br \/>\n<img loading=\"lazy\" decoding=\"async\" class=\"alignnone wp-image-1315 size-thumbnail\" src=\"http:\/\/krestcymbals.com.br\/web\/wp-content\/uploads\/2018\/01\/krest_hi-hat_TZ-150x150.jpg\" alt=\"\" width=\"150\" height=\"150\" srcset=\"http:\/\/krestcymbals.com.br\/web\/wp-content\/uploads\/2018\/01\/krest_hi-hat_TZ-150x150.jpg 150w, http:\/\/krestcymbals.com.br\/web\/wp-content\/uploads\/2018\/01\/krest_hi-hat_TZ-300x300.jpg 300w, http:\/\/krestcymbals.com.br\/web\/wp-content\/uploads\/2018\/01\/krest_hi-hat_TZ.jpg 750w\" sizes=\"auto, (max-width: 150px) 100vw, 150px\" \/>14&#8243;<\/p>\n<\/div>\n<div class=\"col-md-4\">\n<p><strong>China<\/strong><br \/>\n<img loading=\"lazy\" decoding=\"async\" class=\"alignnone wp-image-1312 size-thumbnail\" src=\"http:\/\/krestcymbals.com.br\/web\/wp-content\/uploads\/2018\/01\/krest_china_TZ-150x150.jpg\" alt=\"\" width=\"150\" height=\"150\" srcset=\"http:\/\/krestcymbals.com.br\/web\/wp-content\/uploads\/2018\/01\/krest_china_TZ-150x150.jpg 150w, http:\/\/krestcymbals.com.br\/web\/wp-content\/uploads\/2018\/01\/krest_china_TZ-300x300.jpg 300w, http:\/\/krestcymbals.com.br\/web\/wp-content\/uploads\/2018\/01\/krest_china_TZ.jpg 750w\" sizes=\"auto, (max-width: 150px) 100vw, 150px\" \/>16&#8243; 18&#8243;<\/p>\n<\/div>\n<\/div>\n<\/div>\n<div class=\"tab-pane clearfix \" id=\"sctab91761\">\n<div class=\"space_20 clearfix\"><\/div>\n<div class=\"row\"><\/div> <div class=\"col-md-4\">\n<p><strong>TZSET1<\/strong><br \/>\n<a href=\"http:\/\/krestcymbals.com.br\/web\/wp-content\/uploads\/2018\/01\/krest_set_TZ-1.jpg\"><img loading=\"lazy\" decoding=\"async\" class=\"alignnone wp-image-1304 size-thumbnail\" src=\"http:\/\/krestcymbals.com.br\/web\/wp-content\/uploads\/2018\/01\/krest_set_TZ-1-150x150.jpg\" alt=\"\" width=\"150\" height=\"150\" srcset=\"http:\/\/krestcymbals.com.br\/web\/wp-content\/uploads\/2018\/01\/krest_set_TZ-1-150x150.jpg 150w, http:\/\/krestcymbals.com.br\/web\/wp-content\/uploads\/2018\/01\/krest_set_TZ-1-300x300.jpg 300w, http:\/\/krestcymbals.com.br\/web\/wp-content\/uploads\/2018\/01\/krest_set_TZ-1.jpg 750w\" sizes=\"auto, (max-width: 150px) 100vw, 150px\" \/><\/a>14&#8243;, 16&#8243; 20&#8243;<\/p>\n<\/div>\n<div class=\"col-md-4\">\n<\/div>\n<\/div><\/div>\n\n<div class=\"space_40 clearfix\"><\/div>\n<a href=\"http:\/\/krestcymbals.com.br\/web\/produtos\/\" class=\"btn button btn-shortcode kad-btn kad-btn-primary\" id=\"kadbtn814\" target=\"_self\" style=\"background-color:#FF0000;color:#FFF;\">&lt;&lt;Voltar<\/a>\n<div class=\"space_40 clearfix\"><\/div>\n<div class=\"hrule clearfix\"><\/div>\n<h3><strong>V\u00cdDEOS<\/strong><\/h3>\n<h4>Em breve novos v\u00eddeos da linha TZ SERIES.<\/h4>\n\n<div style=\"display: block !important; margin:0 !important; padding: 0 !important\" id=\"wpp_popup_post_end_element\"><\/div><p><\/p>","protected":false},"excerpt":{"rendered":"<p>LINHA EM BRONZE B8, COM USINAGEM ESPECIAL PARA CONTROLE DE HARM\u00d4NICOS . A linha TZ foi desenvolvida para oferecer realmente o melhor custo-benef\u00edcio em pratos de fabricados em bronze. Excelente sonoridade ( processo especial de usinagem para equil\u00edbrio de frequ\u00eancias &hellip; <a href=\"http:\/\/krestcymbals.com.br\/web\/tz-series\/\">Conte\u00fado<\/a><\/p>\n","protected":false},"author":1,"featured_media":1299,"parent":0,"menu_order":58,"comment_status":"closed","ping_status":"closed","template":"page-feature-sidebar.php","meta":{"footnotes":""},"class_list":["post-1291","page","type-page","status-publish","has-post-thumbnail","hentry"],"_links":{"self":[{"href":"http:\/\/krestcymbals.com.br\/web\/wp-json\/wp\/v2\/pages\/1291","targetHints":{"allow":["GET"]}}],"collection":[{"href":"http:\/\/krestcymbals.com.br\/web\/wp-json\/wp\/v2\/pages"}],"about":[{"href":"http:\/\/krestcymbals.com.br\/web\/wp-json\/wp\/v2\/types\/page"}],"author":[{"embeddable":true,"href":"http:\/\/krestcymbals.com.br\/web\/wp-json\/wp\/v2\/users\/1"}],"replies":[{"embeddable":true,"href":"http:\/\/krestcymbals.com.br\/web\/wp-json\/wp\/v2\/comments?post=1291"}],"version-history":[{"count":12,"href":"http:\/\/krestcymbals.com.br\/web\/wp-json\/wp\/v2\/pages\/1291\/revisions"}],"predecessor-version":[{"id":1374,"href":"http:\/\/krestcymbals.com.br\/web\/wp-json\/wp\/v2\/pages\/1291\/revisions\/1374"}],"wp:featuredmedia":[{"embeddable":true,"href":"http:\/\/krestcymbals.com.br\/web\/wp-json\/wp\/v2\/media\/1299"}],"wp:attachment":[{"href":"http:\/\/krestcymbals.com.br\/web\/wp-json\/wp\/v2\/media?parent=1291"}],"curies":[{"name":"wp","href":"https:\/\/api.w.org\/{rel}","templated":true}]}}