{"id":108,"date":"2015-08-03T18:06:33","date_gmt":"2015-08-03T18:06:33","guid":{"rendered":"http:\/\/krestcymbals.com.br\/teste\/?page_id=108"},"modified":"2019-08-27T17:44:19","modified_gmt":"2019-08-27T17:44:19","slug":"fusion-series","status":"publish","type":"page","link":"http:\/\/krestcymbals.com.br\/web\/fusion-series\/","title":{"rendered":"FUSION SERIES"},"content":{"rendered":"<h2>VOLUME ALTO E DECAY PROLONGADO<\/h2>\n<p>Linha profissional em bronze B8 desenvolvida para grandes palcos ou para quem precisa de muito volume. Produz um timbre potente, m\u00e9dio grave com decay longo.<\/p>\n<div class=\"space_20 clearfix\"><\/div>\n<p>&nbsp;<\/p>\n\n<ul class=\"nav nav-tabs sc_tabs kt-tabs kt-sc-tabs kt-tabs-style1\"><li class=\"active\"><a href=\"#sctab66700\"><strong>MODELOS AVULSOS<\/strong><\/a><\/li>\n<li class=\"\"><a href=\"#sctab66701\"><strong>SETS<\/strong><\/a><\/li><\/ul> <div class=\"tab-content kt-tab-content postclass\"><div class=\"tab-pane clearfix active\" id=\"sctab66700\">\n<div class=\"space_20 clearfix\"><\/div>\n<div class=\"row\"> <div class=\"col-md-4\">\n<p><strong>RIDE<\/strong><br \/>\n<a href=\"http:\/\/krestcymbals.com.br\/web\/wp-content\/uploads\/2015\/08\/F20R1.jpg\"><img loading=\"lazy\" decoding=\"async\" class=\"alignnone wp-image-183 size-thumbnail\" src=\"http:\/\/krestcymbals.com.br\/web\/wp-content\/uploads\/2015\/08\/F20R1-150x150.jpg\" alt=\"F20RI\" width=\"150\" height=\"150\" srcset=\"http:\/\/krestcymbals.com.br\/web\/wp-content\/uploads\/2015\/08\/F20R1-150x150.jpg 150w, http:\/\/krestcymbals.com.br\/web\/wp-content\/uploads\/2015\/08\/F20R1-300x300.jpg 300w, http:\/\/krestcymbals.com.br\/web\/wp-content\/uploads\/2015\/08\/F20R1.jpg 1000w\" sizes=\"auto, (max-width: 150px) 100vw, 150px\" \/><\/a>20&#8243;<\/p>\n<\/div><div class=\"col-md-4\">\n<p><b>CRASH<br \/>\n<a href=\"http:\/\/krestcymbals.com.br\/web\/wp-content\/uploads\/2015\/08\/F16MC.jpg\"><img loading=\"lazy\" decoding=\"async\" class=\"alignnone wp-image-192 size-thumbnail\" src=\"http:\/\/krestcymbals.com.br\/web\/wp-content\/uploads\/2015\/08\/F16MC-150x150.jpg\" alt=\"F16MC\" width=\"150\" height=\"150\" srcset=\"http:\/\/krestcymbals.com.br\/web\/wp-content\/uploads\/2015\/08\/F16MC-150x150.jpg 150w, http:\/\/krestcymbals.com.br\/web\/wp-content\/uploads\/2015\/08\/F16MC-300x300.jpg 300w, http:\/\/krestcymbals.com.br\/web\/wp-content\/uploads\/2015\/08\/F16MC.jpg 1000w\" sizes=\"auto, (max-width: 150px) 100vw, 150px\" \/><\/a><\/b><strong>Thin:<\/strong> 15&#8243; 16&#8243; 17&#8243; 18&#8243;<br \/>\n<strong>Medium:<\/strong> 16&#8243; 17&#8243; 18&#8243;<br \/>\n<strong>Power:<\/strong> 16&#8243; 17&#8243; 18&#8243; 19&#8243; 20&#8243;<\/p>\n<\/div><div class=\"col-md-4\">\n<p><strong>HI-HAT<\/strong><br \/>\n<a href=\"http:\/\/krestcymbals.com.br\/web\/wp-content\/uploads\/2015\/08\/F14MH.jpg\"><img loading=\"lazy\" decoding=\"async\" class=\"alignnone wp-image-217 size-thumbnail\" src=\"http:\/\/krestcymbals.com.br\/web\/wp-content\/uploads\/2015\/08\/F14MH-150x150.jpg\" alt=\"F14MH\" width=\"150\" height=\"150\" srcset=\"http:\/\/krestcymbals.com.br\/web\/wp-content\/uploads\/2015\/08\/F14MH-150x150.jpg 150w, http:\/\/krestcymbals.com.br\/web\/wp-content\/uploads\/2015\/08\/F14MH-300x300.jpg 300w, http:\/\/krestcymbals.com.br\/web\/wp-content\/uploads\/2015\/08\/F14MH.jpg 1000w\" sizes=\"auto, (max-width: 150px) 100vw, 150px\" \/><\/a> \u00a010&#8243;\u00a0 12&#8243;\u00a0 13&#8243; 14&#8243;<\/p>\n<\/div><\/div>\n<div class=\"hrule clearfix\"><\/div>\n<div class=\"row\"> <div class=\"col-md-4\">\n<p><strong>SPLASH<\/strong><br \/>\n<a href=\"http:\/\/krestcymbals.com.br\/web\/wp-content\/uploads\/2015\/08\/F10SP.jpg\"><img loading=\"lazy\" decoding=\"async\" class=\"alignnone wp-image-216 size-thumbnail\" src=\"http:\/\/krestcymbals.com.br\/web\/wp-content\/uploads\/2015\/08\/F10SP-150x150.jpg\" alt=\"F10SP\" width=\"150\" height=\"150\" srcset=\"http:\/\/krestcymbals.com.br\/web\/wp-content\/uploads\/2015\/08\/F10SP-150x150.jpg 150w, http:\/\/krestcymbals.com.br\/web\/wp-content\/uploads\/2015\/08\/F10SP-300x300.jpg 300w, http:\/\/krestcymbals.com.br\/web\/wp-content\/uploads\/2015\/08\/F10SP.jpg 1000w\" sizes=\"auto, (max-width: 150px) 100vw, 150px\" \/><\/a>8&#8243; 10&#8243; 12&#8243;<\/p>\n<\/div><div class=\"col-md-4\">\n<p><b>CHINA<br \/>\n<\/b><strong><a href=\"http:\/\/krestcymbals.com.br\/web\/wp-content\/uploads\/2015\/08\/F18CH.jpg\"><img loading=\"lazy\" decoding=\"async\" class=\"alignnone wp-image-218 size-thumbnail\" src=\"http:\/\/krestcymbals.com.br\/web\/wp-content\/uploads\/2015\/08\/F18CH-150x150.jpg\" alt=\"F18CH\" width=\"150\" height=\"150\" srcset=\"http:\/\/krestcymbals.com.br\/web\/wp-content\/uploads\/2015\/08\/F18CH-150x150.jpg 150w, http:\/\/krestcymbals.com.br\/web\/wp-content\/uploads\/2015\/08\/F18CH-300x300.jpg 300w, http:\/\/krestcymbals.com.br\/web\/wp-content\/uploads\/2015\/08\/F18CH.jpg 1000w\" sizes=\"auto, (max-width: 150px) 100vw, 150px\" \/><\/a><\/strong>12&#8243;\u00a0 14&#8243;\u00a0 15&#8243;\u00a0 16&#8243; 17&#8243; 18&#8243;<br \/>\n<\/div>\n<div class=\"col-md-4\"><\/div>\n<\/div>\n<\/div>\n<div class=\"tab-pane clearfix \" id=\"sctab66701\">\n<div class=\"space_20 clearfix\"><\/div>\n<div class=\"row\"><\/div> <div class=\"col-md-4\">\n<p><strong>FSET1SP<\/strong><br \/>\n<a href=\"http:\/\/krestcymbals.com.br\/web\/wp-content\/uploads\/2015\/08\/FSET1SP.jpg\"><img loading=\"lazy\" decoding=\"async\" class=\"alignnone wp-image-219 size-medium\" src=\"http:\/\/krestcymbals.com.br\/web\/wp-content\/uploads\/2015\/08\/FSET1SP-300x300.jpg\" alt=\"FSET1SP\" width=\"300\" height=\"300\" \/><\/a>14&#8243;, 16&#8243; 20&#8243; 10&#8243; + Bag Luxo<\/p>\n<\/div><div class=\"col-md-4\">\n<p><b>FSET2<br \/>\n<\/b><a href=\"http:\/\/krestcymbals.com.br\/web\/wp-content\/uploads\/2015\/08\/FSET1SP.jpg\"><img loading=\"lazy\" decoding=\"async\" class=\"alignnone wp-image-219 size-medium\" src=\"http:\/\/krestcymbals.com.br\/web\/wp-content\/uploads\/2015\/08\/FSET1SP-e1447603475719-300x300.jpg\" alt=\"FSET1SP\" width=\"300\" height=\"300\" \/><\/a>14&#8243;, 16&#8243; 20&#8243; + Bag Simples<br \/>\n<\/div><div class=\"col-md-4\">\n<p><strong>FSET4<\/strong><br \/>\n<a href=\"http:\/\/krestcymbals.com.br\/web\/wp-content\/uploads\/2015\/08\/FSET1SP.jpg\"><img loading=\"lazy\" decoding=\"async\" class=\"alignnone wp-image-219 size-medium\" src=\"http:\/\/krestcymbals.com.br\/web\/wp-content\/uploads\/2015\/08\/FSET1SP-e1447674320555-300x300.jpg\" alt=\"FSET1SP\" width=\"300\" height=\"300\" srcset=\"http:\/\/krestcymbals.com.br\/web\/wp-content\/uploads\/2015\/08\/FSET1SP-e1447674320555-300x300.jpg 300w, http:\/\/krestcymbals.com.br\/web\/wp-content\/uploads\/2015\/08\/FSET1SP-e1447674320555-150x150.jpg 150w, http:\/\/krestcymbals.com.br\/web\/wp-content\/uploads\/2015\/08\/FSET1SP-e1447674320555.jpg 1000w\" sizes=\"auto, (max-width: 300px) 100vw, 300px\" \/><\/a>13&#8243;, 16&#8243; 20&#8243; + Bag Simples<br \/>\n<\/div><\/div><\/div>\n\n<div class=\"space_40 clearfix\"><\/div>\n<a href=\"http:\/\/krestcymbals.com.br\/web\/produtos\/\" class=\"btn button btn-shortcode kad-btn kad-btn-primary\" id=\"kadbtn215\" target=\"_self\" style=\"background-color:#FF0000;color:#FFF;\">&lt;&lt;Voltar<\/a>\n<div class=\"space_40 clearfix\"><\/div>\n<div class=\"hrule clearfix\"><\/div>\n<h3><strong>V\u00cdDEOS<\/strong><\/h3>\n<h4>Em breve novos v\u00eddeos da linha Fusion.<\/h4>\n<p><iframe loading=\"lazy\" src=\"https:\/\/www.youtube.com\/embed\/mj8EEQ-InVw\" width=\"100%\" height=\"450\" frameborder=\"0\" allowfullscreen=\"allowfullscreen\"><\/iframe><\/p>\n<p>&nbsp;<\/p>\n<h4 style=\"text-align: left;\"><div class=\"space_20 clearfix\"><\/div><\/h4>\n<h4 style=\"text-align: left;\">DICA:\u00a0SAIBA ESCOLHER O TIPO DE CRASH IDEAL PARA SEU SOM.<\/h4>\n<p><img loading=\"lazy\" decoding=\"async\" class=\"alignnone wp-image-239 size-full\" src=\"http:\/\/krestcymbals.com.br\/web\/wp-content\/uploads\/2015\/08\/COMPARATIVO_CRASHES_KREST2.jpg\" alt=\"COMPARATIVO_CRASHES_KREST\" width=\"850\" height=\"240\" \/><\/p>\n<div class=\"space_20 clearfix\"><\/div>\n<h3><\/h3>\n\n<div style=\"display: block !important; margin:0 !important; padding: 0 !important\" id=\"wpp_popup_post_end_element\"><\/div><p><\/p>","protected":false},"excerpt":{"rendered":"<p>VOLUME ALTO E DECAY PROLONGADO Linha profissional em bronze B8 desenvolvida para grandes palcos ou para quem precisa de muito volume. Produz um timbre potente, m\u00e9dio grave com decay longo. &nbsp; V\u00cdDEOS Em breve novos v\u00eddeos da linha Fusion. &nbsp; &hellip; <a href=\"http:\/\/krestcymbals.com.br\/web\/fusion-series\/\">Conte\u00fado<\/a><\/p>\n","protected":false},"author":1,"featured_media":124,"parent":0,"menu_order":12,"comment_status":"closed","ping_status":"closed","template":"page-feature-sidebar.php","meta":{"footnotes":""},"class_list":["post-108","page","type-page","status-publish","has-post-thumbnail","hentry"],"_links":{"self":[{"href":"http:\/\/krestcymbals.com.br\/web\/wp-json\/wp\/v2\/pages\/108","targetHints":{"allow":["GET"]}}],"collection":[{"href":"http:\/\/krestcymbals.com.br\/web\/wp-json\/wp\/v2\/pages"}],"about":[{"href":"http:\/\/krestcymbals.com.br\/web\/wp-json\/wp\/v2\/types\/page"}],"author":[{"embeddable":true,"href":"http:\/\/krestcymbals.com.br\/web\/wp-json\/wp\/v2\/users\/1"}],"replies":[{"embeddable":true,"href":"http:\/\/krestcymbals.com.br\/web\/wp-json\/wp\/v2\/comments?post=108"}],"version-history":[{"count":77,"href":"http:\/\/krestcymbals.com.br\/web\/wp-json\/wp\/v2\/pages\/108\/revisions"}],"predecessor-version":[{"id":1424,"href":"http:\/\/krestcymbals.com.br\/web\/wp-json\/wp\/v2\/pages\/108\/revisions\/1424"}],"wp:featuredmedia":[{"embeddable":true,"href":"http:\/\/krestcymbals.com.br\/web\/wp-json\/wp\/v2\/media\/124"}],"wp:attachment":[{"href":"http:\/\/krestcymbals.com.br\/web\/wp-json\/wp\/v2\/media?parent=108"}],"curies":[{"name":"wp","href":"https:\/\/api.w.org\/{rel}","templated":true}]}}